{"id":2971,"date":"2024-06-06T13:02:09","date_gmt":"2024-06-06T11:02:09","guid":{"rendered":"https:\/\/gangel.hu\/?page_id=2971"},"modified":"2024-06-10T16:49:58","modified_gmt":"2024-06-10T16:49:58","slug":"media-appearances","status":"publish","type":"page","link":"https:\/\/gangel.hu\/en\/about-us\/media-appearances\/","title":{"rendered":"Media appearances"},"content":{"rendered":"<div id='av_section_1'  class='avia-section av-96vne-ed0b0e20914af31f020d3a0046397dbc main_color avia-section-default avia-no-border-styling  avia-builder-el-0  el_before_av_section  avia-builder-el-first  avia-bg-style-scroll container_wrap fullsize'  ><div class='container av-section-cont-open' ><main  role=\"main\" itemprop=\"mainContentOfPage\"  class='template-page content  av-content-full alpha units'><div class='post-entry post-entry-type-page post-entry-2971'><div class='entry-content-wrapper clearfix'>\n\n<style type=\"text\/css\" data-created_by=\"avia_inline_auto\" id=\"style-css-av-3s4em-09a29bcbaa889df56f92653e16e0db48\">\n.flex_column.av-3s4em-09a29bcbaa889df56f92653e16e0db48{\nborder-radius:0px 0px 0px 0px;\npadding:0px 0px 0px 0px;\n}\n<\/style>\n<div  class='flex_column av-3s4em-09a29bcbaa889df56f92653e16e0db48 av_one_half  avia-builder-el-1  el_before_av_one_half  avia-builder-el-first  first flex_column_div av-zero-column-padding  '     ><style type=\"text\/css\" data-created_by=\"avia_inline_auto\" id=\"style-css-av-av_heading-923a6dd34b375757b98a42451f052893\">\n#top .av-special-heading.av-av_heading-923a6dd34b375757b98a42451f052893{\npadding-bottom:10px;\n}\nbody .av-special-heading.av-av_heading-923a6dd34b375757b98a42451f052893 .av-special-heading-tag .heading-char{\nfont-size:25px;\n}\n.av-special-heading.av-av_heading-923a6dd34b375757b98a42451f052893 .av-subheading{\nfont-size:15px;\n}\n<\/style>\n<div  class='av-special-heading av-av_heading-923a6dd34b375757b98a42451f052893 av-special-heading-h2  avia-builder-el-2  avia-builder-el-no-sibling '><h2 class='av-special-heading-tag '  itemprop=\"headline\"  >Mesterember &#8211; F\u00e9rfi szab\u00f3 M5 m\u0171sor\u00e1n<\/h2><div class=\"special-heading-border\"><div class=\"special-heading-inner-border\"><\/div><\/div><\/div><\/div>\n<style type=\"text\/css\" data-created_by=\"avia_inline_auto\" id=\"style-css-av-3s4em-410e9e2908e68a2549738fa160f25d63\">\n.flex_column.av-3s4em-410e9e2908e68a2549738fa160f25d63{\nborder-radius:0px 0px 0px 0px;\npadding:0px 0px 0px 0px;\n}\n<\/style>\n<div  class='flex_column av-3s4em-410e9e2908e68a2549738fa160f25d63 av_one_half  avia-builder-el-3  el_after_av_one_half  avia-builder-el-last  flex_column_div av-zero-column-padding  '     ><div  class='avia-video av-lx39okwy-ff57c07a6965d445c4600a0a6cd2fe1c avia-video-16-9 av-no-preview-image avia-video-load-always av-lazyload-immediate av-lazyload-video-embed'  itemprop=\"video\" itemtype=\"https:\/\/schema.org\/VideoObject\"  data-original_url='https:\/\/youtu.be\/g4ATUPDYbv4'><script type='text\/html' class='av-video-tmpl'><div class='avia-iframe-wrap'><iframe loading=\"lazy\" title=\"Mesterember, F\u00e9rfi szab\u00f3 M5 m\u0171sor\u00e1n - Gangel Benj\u00e1min F\u00e9rfiszab\u00f3s\u00e1g\" width=\"1500\" height=\"844\" src=\"https:\/\/www.youtube.com\/embed\/g4ATUPDYbv4?feature=oembed&enablejsapi=1&origin=https:\/\/gangel.hu&autoplay=0&loop=0&controls=1&mute=0\" frameborder=\"0\" allow=\"accelerometer; autoplay; clipboard-write; encrypted-media; gyroscope; picture-in-picture; web-share\" referrerpolicy=\"strict-origin-when-cross-origin\" allowfullscreen><\/iframe><\/div><\/script><div class='av-click-to-play-overlay'><div class=\"avia_playpause_icon\"><\/div><\/div><\/div><\/div><\/div><\/div><\/main><!-- close content main element --><\/div><\/div><div id='av_section_2'  class='avia-section av-96vne-ed0b0e20914af31f020d3a0046397dbc main_color avia-section-default avia-no-border-styling  avia-builder-el-5  el_after_av_section  el_before_av_section  avia-bg-style-scroll container_wrap fullsize'  ><div class='container av-section-cont-open' ><div class='template-page content  av-content-full alpha units'><div class='post-entry post-entry-type-page post-entry-2971'><div class='entry-content-wrapper clearfix'>\n\n<style type=\"text\/css\" data-created_by=\"avia_inline_auto\" id=\"style-css-av-3s4em-09a29bcbaa889df56f92653e16e0db48\">\n.flex_column.av-3s4em-09a29bcbaa889df56f92653e16e0db48{\nborder-radius:0px 0px 0px 0px;\npadding:0px 0px 0px 0px;\n}\n<\/style>\n<div  class='flex_column av-3s4em-09a29bcbaa889df56f92653e16e0db48 av_one_half  avia-builder-el-6  el_before_av_one_half  avia-builder-el-first  first flex_column_div av-zero-column-padding  '     ><div  class='avia-video av-lx39okwy-45103abb5120a4d82cdd044d81c0e0cd avia-video-16-9 av-no-preview-image avia-video-load-always av-lazyload-immediate av-lazyload-video-embed'  itemprop=\"video\" itemtype=\"https:\/\/schema.org\/VideoObject\"  data-original_url='https:\/\/www.youtube.com\/watch?v=WQhpi-0hnnI'><script type='text\/html' class='av-video-tmpl'><div class='avia-iframe-wrap'><iframe loading=\"lazy\" title=\"A k\u00e9tkezi munka ma felemel\u0151, \u00f6nbizalmat ad\u00f3 kuri\u00f3zum.\" width=\"1500\" height=\"844\" src=\"https:\/\/www.youtube.com\/embed\/WQhpi-0hnnI?feature=oembed&enablejsapi=1&origin=https:\/\/gangel.hu&autoplay=0&loop=0&controls=1&mute=0\" frameborder=\"0\" allow=\"accelerometer; autoplay; clipboard-write; encrypted-media; gyroscope; picture-in-picture; web-share\" referrerpolicy=\"strict-origin-when-cross-origin\" allowfullscreen><\/iframe><\/div><\/script><div class='av-click-to-play-overlay'><div class=\"avia_playpause_icon\"><\/div><\/div><\/div><\/div>\n<style type=\"text\/css\" data-created_by=\"avia_inline_auto\" id=\"style-css-av-3s4em-410e9e2908e68a2549738fa160f25d63\">\n.flex_column.av-3s4em-410e9e2908e68a2549738fa160f25d63{\nborder-radius:0px 0px 0px 0px;\npadding:0px 0px 0px 0px;\n}\n<\/style>\n<div  class='flex_column av-3s4em-410e9e2908e68a2549738fa160f25d63 av_one_half  avia-builder-el-8  el_after_av_one_half  avia-builder-el-last  flex_column_div av-zero-column-padding  '     ><style type=\"text\/css\" data-created_by=\"avia_inline_auto\" id=\"style-css-av-lx4tj1w7-c98905c44bfafc1c4faae425b75e8794\">\n#top .av-special-heading.av-lx4tj1w7-c98905c44bfafc1c4faae425b75e8794{\npadding-bottom:10px;\n}\nbody .av-special-heading.av-lx4tj1w7-c98905c44bfafc1c4faae425b75e8794 .av-special-heading-tag .heading-char{\nfont-size:25px;\n}\n.av-special-heading.av-lx4tj1w7-c98905c44bfafc1c4faae425b75e8794 .av-subheading{\nfont-size:15px;\n}\n<\/style>\n<div  class='av-special-heading av-lx4tj1w7-c98905c44bfafc1c4faae425b75e8794 av-special-heading-h2  avia-builder-el-9  avia-builder-el-no-sibling '><h2 class='av-special-heading-tag '  itemprop=\"headline\"  >A k\u00e9tkezi munka ma felemel\u0151, \u00f6nbizalmat ad\u00f3 kuri\u00f3zum<\/h2><div class=\"special-heading-border\"><div class=\"special-heading-inner-border\"><\/div><\/div><\/div><\/div><\/div><\/div><\/div><!-- close content main div --><\/div><\/div><div id='av_section_3'  class='avia-section av-96vne-ed0b0e20914af31f020d3a0046397dbc main_color avia-section-default avia-no-border-styling  avia-builder-el-10  el_after_av_section  avia-builder-el-last  avia-bg-style-scroll container_wrap fullsize'  ><div class='container av-section-cont-open' ><div class='template-page content  av-content-full alpha units'><div class='post-entry post-entry-type-page post-entry-2971'><div class='entry-content-wrapper clearfix'>\n\n<style type=\"text\/css\" data-created_by=\"avia_inline_auto\" id=\"style-css-av-3s4em-09a29bcbaa889df56f92653e16e0db48\">\n.flex_column.av-3s4em-09a29bcbaa889df56f92653e16e0db48{\nborder-radius:0px 0px 0px 0px;\npadding:0px 0px 0px 0px;\n}\n<\/style>\n<div  class='flex_column av-3s4em-09a29bcbaa889df56f92653e16e0db48 av_one_third  avia-builder-el-11  avia-builder-el-no-sibling  first flex_column_div av-zero-column-padding  '     ><article  class='iconbox iconbox_top av-lx4rpm14-ae89ec5469c52de5d5012de3439bd208  avia-builder-el-12  avia-builder-el-no-sibling  main_color'  itemscope=\"itemscope\" itemtype=\"https:\/\/schema.org\/CreativeWork\" ><div class=\"iconbox_content\"><header class=\"entry-content-header\" aria-label=\"Icon: P\u00c9CS aktu\u00e1l\"><div class=\"iconbox_icon heading-color\" aria-hidden='true' data-av_icon='\ue84e' data-av_iconfont='entypo-fontello'><\/div><h3 class='iconbox_content_title '  itemprop=\"headline\" ><a href='https:\/\/pecsaktual.hu\/baranya\/olyan-oltonyoket-akart-kesziteni-amilyeneket-james-bond-viselt-szakmajanak-egyik-utolso-mestere-gangel-benjamin\/' title='P\u00c9CS aktu\u00e1l'  >P\u00c9CS aktu\u00e1l<\/a><\/h3><\/header><div class='iconbox_content_container '  itemprop=\"text\" ><p>2021.09.12<\/p>\n<\/div><\/div><footer class=\"entry-footer\"><\/footer><\/article><\/div>\n<\/p>\n","protected":false},"excerpt":{"rendered":"","protected":false},"author":1,"featured_media":0,"parent":1916,"menu_order":0,"comment_status":"closed","ping_status":"closed","template":"","meta":{"inline_featured_image":false,"footnotes":""},"class_list":["post-2971","page","type-page","status-publish","hentry"],"yoast_head":"<!-- This site is optimized with the Yoast SEO Premium plugin v25.6 (Yoast SEO v25.7) - https:\/\/yoast.com\/wordpress\/plugins\/seo\/ -->\n<title>Media appearances - Gangel F\u00e9rfiszab\u00f3s\u00e1g<\/title>\n<meta name=\"robots\" content=\"index, follow, max-snippet:-1, max-image-preview:large, max-video-preview:-1\" \/>\n<link rel=\"canonical\" href=\"https:\/\/gangel.hu\/en\/about-us\/media-appearances\/\" \/>\n<meta property=\"og:locale\" content=\"en_US\" \/>\n<meta property=\"og:type\" content=\"article\" \/>\n<meta property=\"og:title\" content=\"Media appearances\" \/>\n<meta property=\"og:url\" content=\"https:\/\/gangel.hu\/en\/about-us\/media-appearances\/\" \/>\n<meta property=\"og:site_name\" content=\"Gangel F\u00e9rfiszab\u00f3s\u00e1g\" \/>\n<meta property=\"article:publisher\" content=\"https:\/\/www.facebook.com\/gangelszabosag\/\" \/>\n<meta property=\"article:modified_time\" content=\"2024-06-10T16:49:58+00:00\" \/>\n<meta name=\"twitter:card\" content=\"summary_large_image\" \/>\n<meta name=\"twitter:label1\" content=\"Est. reading time\" \/>\n\t<meta name=\"twitter:data1\" content=\"3 minutes\" \/>\n<script type=\"application\/ld+json\" class=\"yoast-schema-graph\">{\"@context\":\"https:\/\/schema.org\",\"@graph\":[{\"@type\":\"WebPage\",\"@id\":\"https:\/\/gangel.hu\/en\/about-us\/media-appearances\/\",\"url\":\"https:\/\/gangel.hu\/en\/about-us\/media-appearances\/\",\"name\":\"Media appearances - Gangel F\u00e9rfiszab\u00f3s\u00e1g\",\"isPartOf\":{\"@id\":\"https:\/\/gangel.hu\/#website\"},\"datePublished\":\"2024-06-06T11:02:09+00:00\",\"dateModified\":\"2024-06-10T16:49:58+00:00\",\"breadcrumb\":{\"@id\":\"https:\/\/gangel.hu\/en\/about-us\/media-appearances\/#breadcrumb\"},\"inLanguage\":\"en-US\",\"potentialAction\":[{\"@type\":\"ReadAction\",\"target\":[\"https:\/\/gangel.hu\/en\/about-us\/media-appearances\/\"]}]},{\"@type\":\"BreadcrumbList\",\"@id\":\"https:\/\/gangel.hu\/en\/about-us\/media-appearances\/#breadcrumb\",\"itemListElement\":[{\"@type\":\"ListItem\",\"position\":1,\"name\":\"Kezd\u0151lap\",\"item\":\"https:\/\/gangel.hu\/en\/home\/\"},{\"@type\":\"ListItem\",\"position\":2,\"name\":\"About us\",\"item\":\"https:\/\/gangel.hu\/en\/about-us\/\"},{\"@type\":\"ListItem\",\"position\":3,\"name\":\"Media appearances\"}]},{\"@type\":\"WebSite\",\"@id\":\"https:\/\/gangel.hu\/#website\",\"url\":\"https:\/\/gangel.hu\/\",\"name\":\"Gangel F\u00e9rfiszab\u00f3s\u00e1g\",\"description\":\"\",\"publisher\":{\"@id\":\"https:\/\/gangel.hu\/#organization\"},\"potentialAction\":[{\"@type\":\"SearchAction\",\"target\":{\"@type\":\"EntryPoint\",\"urlTemplate\":\"https:\/\/gangel.hu\/?s={search_term_string}\"},\"query-input\":{\"@type\":\"PropertyValueSpecification\",\"valueRequired\":true,\"valueName\":\"search_term_string\"}}],\"inLanguage\":\"en-US\"},{\"@type\":\"Organization\",\"@id\":\"https:\/\/gangel.hu\/#organization\",\"name\":\"Gangel F\u00e9rfiszab\u00f3s\u00e1g\",\"url\":\"https:\/\/gangel.hu\/\",\"logo\":{\"@type\":\"ImageObject\",\"inLanguage\":\"en-US\",\"@id\":\"https:\/\/gangel.hu\/#\/schema\/logo\/image\/\",\"url\":\"https:\/\/gangel.hu\/wp-content\/uploads\/gangel_logo-1.png\",\"contentUrl\":\"https:\/\/gangel.hu\/wp-content\/uploads\/gangel_logo-1.png\",\"width\":342,\"height\":121,\"caption\":\"Gangel F\u00e9rfiszab\u00f3s\u00e1g\"},\"image\":{\"@id\":\"https:\/\/gangel.hu\/#\/schema\/logo\/image\/\"},\"sameAs\":[\"https:\/\/www.facebook.com\/gangelszabosag\/\",\"https:\/\/www.instagram.com\/gangelszabosag\/?hl=hu\"]}]}<\/script>\n<!-- \/ Yoast SEO Premium plugin. -->","yoast_head_json":{"title":"Media appearances - Gangel F\u00e9rfiszab\u00f3s\u00e1g","robots":{"index":"index","follow":"follow","max-snippet":"max-snippet:-1","max-image-preview":"max-image-preview:large","max-video-preview":"max-video-preview:-1"},"canonical":"https:\/\/gangel.hu\/en\/about-us\/media-appearances\/","og_locale":"en_US","og_type":"article","og_title":"Media appearances","og_url":"https:\/\/gangel.hu\/en\/about-us\/media-appearances\/","og_site_name":"Gangel F\u00e9rfiszab\u00f3s\u00e1g","article_publisher":"https:\/\/www.facebook.com\/gangelszabosag\/","article_modified_time":"2024-06-10T16:49:58+00:00","twitter_card":"summary_large_image","twitter_misc":{"Est. reading time":"3 minutes"},"schema":{"@context":"https:\/\/schema.org","@graph":[{"@type":"WebPage","@id":"https:\/\/gangel.hu\/en\/about-us\/media-appearances\/","url":"https:\/\/gangel.hu\/en\/about-us\/media-appearances\/","name":"Media appearances - Gangel F\u00e9rfiszab\u00f3s\u00e1g","isPartOf":{"@id":"https:\/\/gangel.hu\/#website"},"datePublished":"2024-06-06T11:02:09+00:00","dateModified":"2024-06-10T16:49:58+00:00","breadcrumb":{"@id":"https:\/\/gangel.hu\/en\/about-us\/media-appearances\/#breadcrumb"},"inLanguage":"en-US","potentialAction":[{"@type":"ReadAction","target":["https:\/\/gangel.hu\/en\/about-us\/media-appearances\/"]}]},{"@type":"BreadcrumbList","@id":"https:\/\/gangel.hu\/en\/about-us\/media-appearances\/#breadcrumb","itemListElement":[{"@type":"ListItem","position":1,"name":"Kezd\u0151lap","item":"https:\/\/gangel.hu\/en\/home\/"},{"@type":"ListItem","position":2,"name":"About us","item":"https:\/\/gangel.hu\/en\/about-us\/"},{"@type":"ListItem","position":3,"name":"Media appearances"}]},{"@type":"WebSite","@id":"https:\/\/gangel.hu\/#website","url":"https:\/\/gangel.hu\/","name":"Gangel F\u00e9rfiszab\u00f3s\u00e1g","description":"","publisher":{"@id":"https:\/\/gangel.hu\/#organization"},"potentialAction":[{"@type":"SearchAction","target":{"@type":"EntryPoint","urlTemplate":"https:\/\/gangel.hu\/?s={search_term_string}"},"query-input":{"@type":"PropertyValueSpecification","valueRequired":true,"valueName":"search_term_string"}}],"inLanguage":"en-US"},{"@type":"Organization","@id":"https:\/\/gangel.hu\/#organization","name":"Gangel F\u00e9rfiszab\u00f3s\u00e1g","url":"https:\/\/gangel.hu\/","logo":{"@type":"ImageObject","inLanguage":"en-US","@id":"https:\/\/gangel.hu\/#\/schema\/logo\/image\/","url":"https:\/\/gangel.hu\/wp-content\/uploads\/gangel_logo-1.png","contentUrl":"https:\/\/gangel.hu\/wp-content\/uploads\/gangel_logo-1.png","width":342,"height":121,"caption":"Gangel F\u00e9rfiszab\u00f3s\u00e1g"},"image":{"@id":"https:\/\/gangel.hu\/#\/schema\/logo\/image\/"},"sameAs":["https:\/\/www.facebook.com\/gangelszabosag\/","https:\/\/www.instagram.com\/gangelszabosag\/?hl=hu"]}]}},"_links":{"self":[{"href":"https:\/\/gangel.hu\/en\/wp-json\/wp\/v2\/pages\/2971","targetHints":{"allow":["GET"]}}],"collection":[{"href":"https:\/\/gangel.hu\/en\/wp-json\/wp\/v2\/pages"}],"about":[{"href":"https:\/\/gangel.hu\/en\/wp-json\/wp\/v2\/types\/page"}],"author":[{"embeddable":true,"href":"https:\/\/gangel.hu\/en\/wp-json\/wp\/v2\/users\/1"}],"replies":[{"embeddable":true,"href":"https:\/\/gangel.hu\/en\/wp-json\/wp\/v2\/comments?post=2971"}],"version-history":[{"count":1,"href":"https:\/\/gangel.hu\/en\/wp-json\/wp\/v2\/pages\/2971\/revisions"}],"predecessor-version":[{"id":2973,"href":"https:\/\/gangel.hu\/en\/wp-json\/wp\/v2\/pages\/2971\/revisions\/2973"}],"up":[{"embeddable":true,"href":"https:\/\/gangel.hu\/en\/wp-json\/wp\/v2\/pages\/1916"}],"wp:attachment":[{"href":"https:\/\/gangel.hu\/en\/wp-json\/wp\/v2\/media?parent=2971"}],"curies":[{"name":"wp","href":"https:\/\/api.w.org\/{rel}","templated":true}]}}