{"id":1928,"date":"2021-02-06T09:42:56","date_gmt":"2021-02-06T09:42:56","guid":{"rendered":"https:\/\/gangel.hu\/?page_id=1928"},"modified":"2022-05-15T06:39:43","modified_gmt":"2022-05-15T06:39:43","slug":"tailoring","status":"publish","type":"page","link":"https:\/\/gangel.hu\/en\/about-us\/tailoring\/","title":{"rendered":"Tailoring"},"content":{"rendered":"<div id='av_section_1'  class='avia-section av-av_section-e20e11b232c33ea52312394292f0d9a7 main_color avia-section-default avia-no-border-styling  avia-builder-el-0  avia-builder-el-no-sibling  avia-bg-style-scroll container_wrap fullsize'  ><div class='container av-section-cont-open' ><main  role=\"main\" itemprop=\"mainContentOfPage\"  class='template-page content  av-content-full alpha units'><div class='post-entry post-entry-type-page post-entry-1928'><div class='entry-content-wrapper clearfix'>\n\n<style type=\"text\/css\" data-created_by=\"avia_inline_auto\" id=\"style-css-av-3s4em-09a29bcbaa889df56f92653e16e0db48\">\n.flex_column.av-3s4em-09a29bcbaa889df56f92653e16e0db48{\nborder-radius:0px 0px 0px 0px;\npadding:0px 0px 0px 0px;\n}\n<\/style>\n<div  class='flex_column av-3s4em-09a29bcbaa889df56f92653e16e0db48 av_three_fifth  avia-builder-el-1  el_before_av_two_fifth  avia-builder-el-first  first flex_column_div av-zero-column-padding  '     ><p>\n<style type=\"text\/css\" data-created_by=\"avia_inline_auto\" id=\"style-css-av-l36xfthu-bc5f74bffc6475ec1b55784df3a0affe\">\n#top .av-special-heading.av-l36xfthu-bc5f74bffc6475ec1b55784df3a0affe{\npadding-bottom:10px;\n}\nbody .av-special-heading.av-l36xfthu-bc5f74bffc6475ec1b55784df3a0affe .av-special-heading-tag .heading-char{\nfont-size:25px;\n}\n.av-special-heading.av-l36xfthu-bc5f74bffc6475ec1b55784df3a0affe .av-subheading{\nfont-size:15px;\n}\n<\/style>\n<div  class='av-special-heading av-l36xfthu-bc5f74bffc6475ec1b55784df3a0affe av-special-heading-h2  avia-builder-el-2  el_before_av_textblock  avia-builder-el-first '><h2 class='av-special-heading-tag '  itemprop=\"headline\"  >Tailoring<\/h2><div class=\"special-heading-border\"><div class=\"special-heading-inner-border\"><\/div><\/div><\/div><br \/>\n<section  class='av_textblock_section av-kkqzs5qa-c0a281eb0046f17e0b8b920f47884b8c '   itemscope=\"itemscope\" itemtype=\"https:\/\/schema.org\/CreativeWork\" ><div class='avia_textblock'  itemprop=\"text\" ><p style=\"text-align: left;\">My tailor shops founded in 1999. We have a shop in Budapest and in P\u00e9cs, where we strive to satisfy our customers\u2019 needs with quality service.<\/p>\n<\/div><\/section><\/p><\/div>\n<style type=\"text\/css\" data-created_by=\"avia_inline_auto\" id=\"style-css-av-3s4em-410e9e2908e68a2549738fa160f25d63\">\n.flex_column.av-3s4em-410e9e2908e68a2549738fa160f25d63{\nborder-radius:0px 0px 0px 0px;\npadding:0px 0px 0px 0px;\n}\n<\/style>\n<div  class='flex_column av-3s4em-410e9e2908e68a2549738fa160f25d63 av_two_fifth  avia-builder-el-4  el_after_av_three_fifth  avia-builder-el-last  flex_column_div av-zero-column-padding  '     ><div  class='avia-slideshow av-kkr07bdi-3a2fe287349ce6a60133a55b3ae00bb9 avia-slideshow-portfolio av_slideshow avia-slide-slider  avia-builder-el-5  avia-builder-el-no-sibling  av-slideshow-ui av-control-default av-slideshow-manual av-loop-once av-loop-manual-endless av-default-height-applied avia-slideshow-1' data-slideshow-options=\"{&quot;animation&quot;:&quot;slide&quot;,&quot;autoplay&quot;:false,&quot;loop_autoplay&quot;:&quot;once&quot;,&quot;interval&quot;:5,&quot;loop_manual&quot;:&quot;manual-endless&quot;,&quot;autoplay_stopper&quot;:false,&quot;noNavigation&quot;:false,&quot;bg_slider&quot;:false,&quot;keep_padding&quot;:false,&quot;hoverpause&quot;:false,&quot;show_slide_delay&quot;:0}\"  itemprop=\"image\" itemscope=\"itemscope\" itemtype=\"https:\/\/schema.org\/ImageObject\" ><ul class='avia-slideshow-inner ' style='padding-bottom: 80.808080808081%;'><li  class='avia-slideshow-slide av-kkr07bdi-3a2fe287349ce6a60133a55b3ae00bb9__0  slide-1 slide-odd'><div data-rel='slideshow-1' class='avia-slide-wrap '   ><img decoding=\"async\" fetchpriority=\"high\" class=\"wp-image-1366 avia-img-lazy-loading-not-1366\"  src=\"https:\/\/gangel.hu\/wp-content\/uploads\/szabosag_004-495x400.jpg\" width=\"495\" height=\"400\" title='szabosag_004' alt=''  itemprop=\"thumbnailUrl\" srcset=\"https:\/\/gangel.hu\/wp-content\/uploads\/szabosag_004-495x400.jpg 495w, https:\/\/gangel.hu\/wp-content\/uploads\/szabosag_004-845x684.jpg 845w\" sizes=\"(max-width: 495px) 100vw, 495px\" \/><\/div><\/li><li  class='avia-slideshow-slide av-kkr07bdi-3a2fe287349ce6a60133a55b3ae00bb9__1  slide-2 slide-even'><div data-rel='slideshow-1' class='avia-slide-wrap '   ><img decoding=\"async\" fetchpriority=\"high\" class=\"wp-image-1367 avia-img-lazy-loading-not-1367\"  src=\"https:\/\/gangel.hu\/wp-content\/uploads\/szabosag_005-495x400.jpg\" width=\"495\" height=\"400\" title='szabosag_005' alt=''  itemprop=\"thumbnailUrl\" srcset=\"https:\/\/gangel.hu\/wp-content\/uploads\/szabosag_005-495x400.jpg 495w, https:\/\/gangel.hu\/wp-content\/uploads\/szabosag_005-845x684.jpg 845w\" sizes=\"(max-width: 495px) 100vw, 495px\" \/><\/div><\/li><li  class='avia-slideshow-slide av-kkr07bdi-3a2fe287349ce6a60133a55b3ae00bb9__2  slide-3 slide-odd'><div data-rel='slideshow-1' class='avia-slide-wrap '   ><img decoding=\"async\" fetchpriority=\"high\" class=\"wp-image-1368 avia-img-lazy-loading-not-1368\"  src=\"https:\/\/gangel.hu\/wp-content\/uploads\/szabosag_018-495x400.jpg\" width=\"495\" height=\"400\" title='szabosag_018' alt=''  itemprop=\"thumbnailUrl\" srcset=\"https:\/\/gangel.hu\/wp-content\/uploads\/szabosag_018-495x400.jpg 495w, https:\/\/gangel.hu\/wp-content\/uploads\/szabosag_018-845x684.jpg 845w\" sizes=\"(max-width: 495px) 100vw, 495px\" \/><\/div><\/li><\/ul><div class='avia-slideshow-arrows avia-slideshow-controls' ><a href='#prev' class='prev-slide ' aria-hidden='true' data-av_icon='\ue87c' data-av_iconfont='entypo-fontello'  tabindex='-1'>Previous<\/a><a href='#next' class='next-slide ' aria-hidden='true' data-av_icon='\ue87d' data-av_iconfont='entypo-fontello'  tabindex='-1'>Next<\/a><\/div><div class='avia-slideshow-dots avia-slideshow-controls'><a href='#1' class='goto-slide active' >1<\/a><a href='#2' class='goto-slide ' >2<\/a><a href='#3' class='goto-slide ' >3<\/a><\/div><\/div><\/div>\n","protected":false},"excerpt":{"rendered":"","protected":false},"author":1,"featured_media":0,"parent":1916,"menu_order":0,"comment_status":"closed","ping_status":"closed","template":"","meta":{"inline_featured_image":false,"footnotes":""},"class_list":["post-1928","page","type-page","status-publish","hentry"],"yoast_head":"<!-- This site is optimized with the Yoast SEO Premium plugin v25.6 (Yoast SEO v25.7) - https:\/\/yoast.com\/wordpress\/plugins\/seo\/ -->\n<title>Tailoring - Gangel F\u00e9rfiszab\u00f3s\u00e1g<\/title>\n<meta name=\"robots\" content=\"index, follow, max-snippet:-1, max-image-preview:large, max-video-preview:-1\" \/>\n<link rel=\"canonical\" href=\"https:\/\/gangel.hu\/en\/about-us\/tailoring\/\" \/>\n<meta property=\"og:locale\" content=\"en_US\" \/>\n<meta property=\"og:type\" content=\"article\" \/>\n<meta property=\"og:title\" content=\"Tailoring\" \/>\n<meta property=\"og:url\" content=\"https:\/\/gangel.hu\/en\/about-us\/tailoring\/\" \/>\n<meta property=\"og:site_name\" content=\"Gangel F\u00e9rfiszab\u00f3s\u00e1g\" \/>\n<meta property=\"article:publisher\" content=\"https:\/\/www.facebook.com\/gangelszabosag\/\" \/>\n<meta property=\"article:modified_time\" content=\"2022-05-15T06:39:43+00:00\" \/>\n<meta name=\"twitter:card\" content=\"summary_large_image\" \/>\n<meta name=\"twitter:label1\" content=\"Est. reading time\" \/>\n\t<meta name=\"twitter:data1\" content=\"2 minutes\" \/>\n<script type=\"application\/ld+json\" class=\"yoast-schema-graph\">{\"@context\":\"https:\/\/schema.org\",\"@graph\":[{\"@type\":\"WebPage\",\"@id\":\"https:\/\/gangel.hu\/en\/about-us\/tailoring\/\",\"url\":\"https:\/\/gangel.hu\/en\/about-us\/tailoring\/\",\"name\":\"Tailoring - Gangel F\u00e9rfiszab\u00f3s\u00e1g\",\"isPartOf\":{\"@id\":\"https:\/\/gangel.hu\/#website\"},\"datePublished\":\"2021-02-06T09:42:56+00:00\",\"dateModified\":\"2022-05-15T06:39:43+00:00\",\"breadcrumb\":{\"@id\":\"https:\/\/gangel.hu\/en\/about-us\/tailoring\/#breadcrumb\"},\"inLanguage\":\"en-US\",\"potentialAction\":[{\"@type\":\"ReadAction\",\"target\":[\"https:\/\/gangel.hu\/en\/about-us\/tailoring\/\"]}]},{\"@type\":\"BreadcrumbList\",\"@id\":\"https:\/\/gangel.hu\/en\/about-us\/tailoring\/#breadcrumb\",\"itemListElement\":[{\"@type\":\"ListItem\",\"position\":1,\"name\":\"Kezd\u0151lap\",\"item\":\"https:\/\/gangel.hu\/en\/home\/\"},{\"@type\":\"ListItem\",\"position\":2,\"name\":\"About us\",\"item\":\"https:\/\/gangel.hu\/en\/about-us\/\"},{\"@type\":\"ListItem\",\"position\":3,\"name\":\"Tailoring\"}]},{\"@type\":\"WebSite\",\"@id\":\"https:\/\/gangel.hu\/#website\",\"url\":\"https:\/\/gangel.hu\/\",\"name\":\"Gangel F\u00e9rfiszab\u00f3s\u00e1g\",\"description\":\"\",\"publisher\":{\"@id\":\"https:\/\/gangel.hu\/#organization\"},\"potentialAction\":[{\"@type\":\"SearchAction\",\"target\":{\"@type\":\"EntryPoint\",\"urlTemplate\":\"https:\/\/gangel.hu\/?s={search_term_string}\"},\"query-input\":{\"@type\":\"PropertyValueSpecification\",\"valueRequired\":true,\"valueName\":\"search_term_string\"}}],\"inLanguage\":\"en-US\"},{\"@type\":\"Organization\",\"@id\":\"https:\/\/gangel.hu\/#organization\",\"name\":\"Gangel F\u00e9rfiszab\u00f3s\u00e1g\",\"url\":\"https:\/\/gangel.hu\/\",\"logo\":{\"@type\":\"ImageObject\",\"inLanguage\":\"en-US\",\"@id\":\"https:\/\/gangel.hu\/#\/schema\/logo\/image\/\",\"url\":\"https:\/\/gangel.hu\/wp-content\/uploads\/gangel_logo-1.png\",\"contentUrl\":\"https:\/\/gangel.hu\/wp-content\/uploads\/gangel_logo-1.png\",\"width\":342,\"height\":121,\"caption\":\"Gangel F\u00e9rfiszab\u00f3s\u00e1g\"},\"image\":{\"@id\":\"https:\/\/gangel.hu\/#\/schema\/logo\/image\/\"},\"sameAs\":[\"https:\/\/www.facebook.com\/gangelszabosag\/\",\"https:\/\/www.instagram.com\/gangelszabosag\/?hl=hu\"]}]}<\/script>\n<!-- \/ Yoast SEO Premium plugin. -->","yoast_head_json":{"title":"Tailoring - Gangel F\u00e9rfiszab\u00f3s\u00e1g","robots":{"index":"index","follow":"follow","max-snippet":"max-snippet:-1","max-image-preview":"max-image-preview:large","max-video-preview":"max-video-preview:-1"},"canonical":"https:\/\/gangel.hu\/en\/about-us\/tailoring\/","og_locale":"en_US","og_type":"article","og_title":"Tailoring","og_url":"https:\/\/gangel.hu\/en\/about-us\/tailoring\/","og_site_name":"Gangel F\u00e9rfiszab\u00f3s\u00e1g","article_publisher":"https:\/\/www.facebook.com\/gangelszabosag\/","article_modified_time":"2022-05-15T06:39:43+00:00","twitter_card":"summary_large_image","twitter_misc":{"Est. reading time":"2 minutes"},"schema":{"@context":"https:\/\/schema.org","@graph":[{"@type":"WebPage","@id":"https:\/\/gangel.hu\/en\/about-us\/tailoring\/","url":"https:\/\/gangel.hu\/en\/about-us\/tailoring\/","name":"Tailoring - Gangel F\u00e9rfiszab\u00f3s\u00e1g","isPartOf":{"@id":"https:\/\/gangel.hu\/#website"},"datePublished":"2021-02-06T09:42:56+00:00","dateModified":"2022-05-15T06:39:43+00:00","breadcrumb":{"@id":"https:\/\/gangel.hu\/en\/about-us\/tailoring\/#breadcrumb"},"inLanguage":"en-US","potentialAction":[{"@type":"ReadAction","target":["https:\/\/gangel.hu\/en\/about-us\/tailoring\/"]}]},{"@type":"BreadcrumbList","@id":"https:\/\/gangel.hu\/en\/about-us\/tailoring\/#breadcrumb","itemListElement":[{"@type":"ListItem","position":1,"name":"Kezd\u0151lap","item":"https:\/\/gangel.hu\/en\/home\/"},{"@type":"ListItem","position":2,"name":"About us","item":"https:\/\/gangel.hu\/en\/about-us\/"},{"@type":"ListItem","position":3,"name":"Tailoring"}]},{"@type":"WebSite","@id":"https:\/\/gangel.hu\/#website","url":"https:\/\/gangel.hu\/","name":"Gangel F\u00e9rfiszab\u00f3s\u00e1g","description":"","publisher":{"@id":"https:\/\/gangel.hu\/#organization"},"potentialAction":[{"@type":"SearchAction","target":{"@type":"EntryPoint","urlTemplate":"https:\/\/gangel.hu\/?s={search_term_string}"},"query-input":{"@type":"PropertyValueSpecification","valueRequired":true,"valueName":"search_term_string"}}],"inLanguage":"en-US"},{"@type":"Organization","@id":"https:\/\/gangel.hu\/#organization","name":"Gangel F\u00e9rfiszab\u00f3s\u00e1g","url":"https:\/\/gangel.hu\/","logo":{"@type":"ImageObject","inLanguage":"en-US","@id":"https:\/\/gangel.hu\/#\/schema\/logo\/image\/","url":"https:\/\/gangel.hu\/wp-content\/uploads\/gangel_logo-1.png","contentUrl":"https:\/\/gangel.hu\/wp-content\/uploads\/gangel_logo-1.png","width":342,"height":121,"caption":"Gangel F\u00e9rfiszab\u00f3s\u00e1g"},"image":{"@id":"https:\/\/gangel.hu\/#\/schema\/logo\/image\/"},"sameAs":["https:\/\/www.facebook.com\/gangelszabosag\/","https:\/\/www.instagram.com\/gangelszabosag\/?hl=hu"]}]}},"_links":{"self":[{"href":"https:\/\/gangel.hu\/en\/wp-json\/wp\/v2\/pages\/1928","targetHints":{"allow":["GET"]}}],"collection":[{"href":"https:\/\/gangel.hu\/en\/wp-json\/wp\/v2\/pages"}],"about":[{"href":"https:\/\/gangel.hu\/en\/wp-json\/wp\/v2\/types\/page"}],"author":[{"embeddable":true,"href":"https:\/\/gangel.hu\/en\/wp-json\/wp\/v2\/users\/1"}],"replies":[{"embeddable":true,"href":"https:\/\/gangel.hu\/en\/wp-json\/wp\/v2\/comments?post=1928"}],"version-history":[{"count":3,"href":"https:\/\/gangel.hu\/en\/wp-json\/wp\/v2\/pages\/1928\/revisions"}],"predecessor-version":[{"id":2502,"href":"https:\/\/gangel.hu\/en\/wp-json\/wp\/v2\/pages\/1928\/revisions\/2502"}],"up":[{"embeddable":true,"href":"https:\/\/gangel.hu\/en\/wp-json\/wp\/v2\/pages\/1916"}],"wp:attachment":[{"href":"https:\/\/gangel.hu\/en\/wp-json\/wp\/v2\/media?parent=1928"}],"curies":[{"name":"wp","href":"https:\/\/api.w.org\/{rel}","templated":true}]}}