{"id":1906,"date":"2022-04-09T07:54:55","date_gmt":"2022-04-09T07:54:55","guid":{"rendered":"https:\/\/gangel.hu\/?page_id=1906"},"modified":"2022-08-27T06:58:34","modified_gmt":"2022-08-27T06:58:34","slug":"gift-card","status":"publish","type":"page","link":"https:\/\/gangel.hu\/en\/gift-card\/","title":{"rendered":"Aj\u00e1nd\u00e9kk\u00e1rtya"},"content":{"rendered":"\n<style type=\"text\/css\" data-created_by=\"avia_inline_auto\" id=\"style-css-av-l6930pyd-e9f7de9c481b3ccb3820f87768d83e89\">\n.avia-section.av-l6930pyd-e9f7de9c481b3ccb3820f87768d83e89{\nbackground-repeat:no-repeat;\nbackground-image:url(https:\/\/gangel.hu\/wp-content\/uploads\/utalvany.jpg);\nbackground-position:50% 50%;\nbackground-attachment:scroll;\n}\n<\/style>\n<div id='av_section_1'  class='avia-section av-l6930pyd-e9f7de9c481b3ccb3820f87768d83e89 main_color avia-section-default avia-no-border-styling  avia-builder-el-0  el_before_av_one_fifth  avia-builder-el-first  avia-bg-style-scroll av-minimum-height av-minimum-height-50 av-height-50  container_wrap fullsize'  data-section-bg-repeat='no-repeat' data-av_minimum_height_pc='50' data-av_min_height_opt='50'><div class='container av-section-cont-open' ><main  role=\"main\" itemprop=\"mainContentOfPage\"  class='template-page content  av-content-full alpha units'><div class='post-entry post-entry-type-page post-entry-1906'><div class='entry-content-wrapper clearfix'>\n\n<style type=\"text\/css\" data-created_by=\"avia_inline_auto\" id=\"style-css-av-l6932jmg-fd0cfb033f4f46c78801d257cdfa5a75\">\n#top .av_textblock_section.av-l6932jmg-fd0cfb033f4f46c78801d257cdfa5a75 .avia_textblock{\ncolor:#ffffff;\n}\n<\/style>\n<section  class='av_textblock_section av-l6932jmg-fd0cfb033f4f46c78801d257cdfa5a75 '   itemscope=\"itemscope\" itemtype=\"https:\/\/schema.org\/CreativeWork\" ><div class='avia_textblock av_inherit_color'  itemprop=\"text\" ><h3 style=\"text-align: center;\"><strong>Gift card<\/strong><\/h3>\n<\/div><\/section>\n\n<style type=\"text\/css\" data-created_by=\"avia_inline_auto\" id=\"style-css-av-l69hb60m-9c52a7e1517a1626078b99be9188773e\">\n#top .hr.hr-invisible.av-l69hb60m-9c52a7e1517a1626078b99be9188773e{\nheight:20px;\n}\n<\/style>\n<div  class='hr av-l69hb60m-9c52a7e1517a1626078b99be9188773e hr-invisible  avia-builder-el-2  el_after_av_textblock  el_before_av_textblock '><span class='hr-inner '><span class=\"hr-inner-style\"><\/span><\/span><\/div>\n\n<style type=\"text\/css\" data-created_by=\"avia_inline_auto\" id=\"style-css-av-l1rk5hvl-ef42d1d482125844a9c34548070205de\">\n#top .av_textblock_section.av-l1rk5hvl-ef42d1d482125844a9c34548070205de .avia_textblock{\ncolor:#ffffff;\n}\n<\/style>\n<section  class='av_textblock_section av-l1rk5hvl-ef42d1d482125844a9c34548070205de '   itemscope=\"itemscope\" itemtype=\"https:\/\/schema.org\/CreativeWork\" ><div class='avia_textblock av_inherit_color'  itemprop=\"text\" ><div style=\"text-align: center;\"><span class=\"VIiyi\" lang=\"en\"><span class=\"JLqJ4b ChMk0b\" data-language-for-alternatives=\"en\" data-language-to-translate-into=\"hu\" data-phrase-index=\"0\" data-number-of-phrases=\"7\"><span class=\"Q4iAWc\">Dear Ladies!<\/span><\/span> <\/span><\/div>\n<div><\/div>\n<div style=\"text-align: center;\"><span class=\"VIiyi\" lang=\"en\"><span class=\"JLqJ4b ChMk0b\" data-language-for-alternatives=\"en\" data-language-to-translate-into=\"hu\" data-phrase-index=\"2\" data-number-of-phrases=\"7\"><span class=\"Q4iAWc\">We have reached the finish line of Christmas preparations again.<\/span><\/span> <span class=\"JLqJ4b ChMk0b\" data-language-for-alternatives=\"en\" data-language-to-translate-into=\"hu\" data-phrase-index=\"3\" data-number-of-phrases=\"7\"><span class=\"Q4iAWc\">There is still time to surprise your MEN with a unique experience this year.<\/span><\/span> <span class=\"JLqJ4b ChMk0b\" data-language-for-alternatives=\"en\" data-language-to-translate-into=\"hu\" data-phrase-index=\"4\" data-number-of-phrases=\"7\"><span class=\"Q4iAWc\">Our gift vouchers, which can be topped up with any amount, are exclusive entrances to the realm of bespoke clothing, where the fabulous fabrics, the attention surrounding the clients, and the comfort provided by the unique tailoring combine to make the surprise unforgettable.<\/span><\/span> <span class=\"JLqJ4b ChMk0b\" data-language-for-alternatives=\"en\" data-language-to-translate-into=\"hu\" data-phrase-index=\"5\" data-number-of-phrases=\"7\"><span class=\"Q4iAWc\">Ordered vouchers will be mailed by December 20.<\/span><\/span> <span class=\"JLqJ4b ChMk0b\" data-language-for-alternatives=\"en\" data-language-to-translate-into=\"hu\" data-phrase-index=\"6\" data-number-of-phrases=\"7\"><span class=\"Q4iAWc\">Feel free to contact us for more information!<\/span><\/span><\/span><\/div>\n<\/div><\/section>\n<\/div><\/div><\/main><!-- close content main element --><\/div><\/div><div id='after_section_1'  class='main_color av_default_container_wrap container_wrap fullsize'  ><div class='container av-section-cont-open' ><div class='template-page content  av-content-full alpha units'><div class='post-entry post-entry-type-page post-entry-1906'><div class='entry-content-wrapper clearfix'>\n<style type=\"text\/css\" data-created_by=\"avia_inline_auto\" id=\"style-css-av-6ea2dd-7cf4b0471aaf7ad172ab60c9426afd06\">\n.flex_column.av-6ea2dd-7cf4b0471aaf7ad172ab60c9426afd06{\nborder-radius:0px 0px 0px 0px;\npadding:0px 0px 0px 0px;\n}\n<\/style>\n<div  class='flex_column av-6ea2dd-7cf4b0471aaf7ad172ab60c9426afd06 av_one_fifth  avia-builder-el-4  el_after_av_section  el_before_av_three_fifth  avia-builder-el-first  first flex_column_div av-zero-column-padding  '     ><\/div><\/p>\n\n<style type=\"text\/css\" data-created_by=\"avia_inline_auto\" id=\"style-css-av-8w5nup-115a8c145acae01a178020fd2b2686d3\">\n.flex_column.av-8w5nup-115a8c145acae01a178020fd2b2686d3{\nborder-radius:0px 0px 0px 0px;\npadding:0px 0px 0px 0px;\n}\n<\/style>\n<div  class='flex_column av-8w5nup-115a8c145acae01a178020fd2b2686d3 av_three_fifth  avia-builder-el-5  el_after_av_one_fifth  el_before_av_one_fifth  flex_column_div av-zero-column-padding  '     ><form action=\"https:\/\/gangel.hu\/en\/gift-card\/\" method=\"post\" data-fields-with-error=\"Found errors in the following field(s):\" class=\"avia_ajax_form av-form-labels-hidden   avia-builder-el-6  avia-builder-el-no-sibling  av-centered-form  av-custom-form-color av-dark-form \" data-avia-form-id=\"1\" data-avia-redirect='' ><h3 class=''>Gift card<\/h3><fieldset><p class='  first_form  form_element form_element_half' id='element_avia_1_1'><label for=\"avia_1_1\">Name <abbr class=\"required\" title=\"required\">*<\/abbr><\/label> <input name=\"avia_1_1\" class=\"text_input is_empty\" type=\"text\" id=\"avia_1_1\" value=\"\"  placeholder='Name*'\/><\/p><p class='  form_element form_element_half' id='element_avia_2_1'><label for=\"avia_2_1\">E-Mail <abbr class=\"required\" title=\"required\">*<\/abbr><\/label> <input name=\"avia_2_1\" class=\"text_input is_email\" type=\"text\" id=\"avia_2_1\" value=\"\"  placeholder='E-Mail*'\/><\/p><p class='  first_form  form_element form_element_half' id='element_avia_3_1'><label for=\"avia_3_1\">Amount requested <abbr class=\"required\" title=\"required\">*<\/abbr><\/label> <input name=\"avia_3_1\" class=\"text_input is_empty\" type=\"text\" id=\"avia_3_1\" value=\"\"  placeholder='Amount requested*'\/><\/p><p class=\"hidden\"><input type=\"text\" name=\"avia_4_1\" class=\"hidden \" id=\"avia_4_1\" value=\"\" \/><\/p><p class=' form_element_half  form_element form_fullwidth' id='element_avia_5_1'><span class='value_verifier_label'>3 + 1 = ?<\/span><input name=\"avia_5_1_verifier\" type=\"hidden\" id=\"avia_5_1_verifier\" value=\"642358581\"\/><label for=\"avia_5_1\">Please prove that you are human by solving the equation <abbr class=\"required\" title=\"required\">*<\/abbr><\/label><input name=\"avia_5_1\" class=\"text_input captcha\" type=\"text\" id=\"avia_5_1\" value=\"\"\/><\/p><p class=\"form_element \"><input type=\"hidden\" value=\"1\" name=\"avia_generated_form1\" \/><input type=\"submit\" value=\"Aj\u00e1nd\u00e9kk\u00e1rtya ig\u00e9nyl\u00e9se\" class=\"button\"  data-sending-label=\"Sending\"\/><\/p><\/fieldset><\/form><div id=\"ajaxresponse_1\" class=\"ajaxresponse ajaxresponse_1 hidden\"><\/div><\/div>\n<style type=\"text\/css\" data-created_by=\"avia_inline_auto\" id=\"style-css-av-2oqytd-6862b5f5c149d177d3c5d6dcf3378c23\">\n.flex_column.av-2oqytd-6862b5f5c149d177d3c5d6dcf3378c23{\nborder-radius:0px 0px 0px 0px;\npadding:0px 0px 0px 0px;\n}\n<\/style>\n<div  class='flex_column av-2oqytd-6862b5f5c149d177d3c5d6dcf3378c23 av_one_fifth  avia-builder-el-7  el_after_av_three_fifth  avia-builder-el-last  flex_column_div av-zero-column-padding  '     ><\/div><\/p>\n","protected":false},"excerpt":{"rendered":"","protected":false},"author":1,"featured_media":0,"parent":0,"menu_order":0,"comment_status":"closed","ping_status":"closed","template":"","meta":{"inline_featured_image":false,"footnotes":""},"class_list":["post-1906","page","type-page","status-publish","hentry"],"yoast_head":"<!-- This site is optimized with the Yoast SEO Premium plugin v25.6 (Yoast SEO v25.7) - https:\/\/yoast.com\/wordpress\/plugins\/seo\/ -->\n<title>Aj\u00e1nd\u00e9kk\u00e1rtya - Gangel F\u00e9rfiszab\u00f3s\u00e1g<\/title>\n<meta name=\"robots\" content=\"index, follow, max-snippet:-1, max-image-preview:large, max-video-preview:-1\" \/>\n<link rel=\"canonical\" href=\"https:\/\/gangel.hu\/en\/gift-card\/\" \/>\n<meta property=\"og:locale\" content=\"en_US\" \/>\n<meta property=\"og:type\" content=\"article\" \/>\n<meta property=\"og:title\" content=\"Aj\u00e1nd\u00e9kk\u00e1rtya\" \/>\n<meta property=\"og:url\" content=\"https:\/\/gangel.hu\/en\/gift-card\/\" \/>\n<meta property=\"og:site_name\" content=\"Gangel F\u00e9rfiszab\u00f3s\u00e1g\" \/>\n<meta property=\"article:publisher\" content=\"https:\/\/www.facebook.com\/gangelszabosag\/\" \/>\n<meta property=\"article:modified_time\" content=\"2022-08-27T06:58:34+00:00\" \/>\n<meta name=\"twitter:card\" content=\"summary_large_image\" \/>\n<meta name=\"twitter:label1\" content=\"Est. reading time\" \/>\n\t<meta name=\"twitter:data1\" content=\"2 minutes\" \/>\n<script type=\"application\/ld+json\" class=\"yoast-schema-graph\">{\"@context\":\"https:\/\/schema.org\",\"@graph\":[{\"@type\":\"WebPage\",\"@id\":\"https:\/\/gangel.hu\/en\/gift-card\/\",\"url\":\"https:\/\/gangel.hu\/en\/gift-card\/\",\"name\":\"Aj\u00e1nd\u00e9kk\u00e1rtya - Gangel F\u00e9rfiszab\u00f3s\u00e1g\",\"isPartOf\":{\"@id\":\"https:\/\/gangel.hu\/#website\"},\"datePublished\":\"2022-04-09T07:54:55+00:00\",\"dateModified\":\"2022-08-27T06:58:34+00:00\",\"breadcrumb\":{\"@id\":\"https:\/\/gangel.hu\/en\/gift-card\/#breadcrumb\"},\"inLanguage\":\"en-US\",\"potentialAction\":[{\"@type\":\"ReadAction\",\"target\":[\"https:\/\/gangel.hu\/en\/gift-card\/\"]}]},{\"@type\":\"BreadcrumbList\",\"@id\":\"https:\/\/gangel.hu\/en\/gift-card\/#breadcrumb\",\"itemListElement\":[{\"@type\":\"ListItem\",\"position\":1,\"name\":\"Kezd\u0151lap\",\"item\":\"https:\/\/gangel.hu\/en\/home\/\"},{\"@type\":\"ListItem\",\"position\":2,\"name\":\"Aj\u00e1nd\u00e9kk\u00e1rtya\"}]},{\"@type\":\"WebSite\",\"@id\":\"https:\/\/gangel.hu\/#website\",\"url\":\"https:\/\/gangel.hu\/\",\"name\":\"Gangel F\u00e9rfiszab\u00f3s\u00e1g\",\"description\":\"\",\"publisher\":{\"@id\":\"https:\/\/gangel.hu\/#organization\"},\"potentialAction\":[{\"@type\":\"SearchAction\",\"target\":{\"@type\":\"EntryPoint\",\"urlTemplate\":\"https:\/\/gangel.hu\/?s={search_term_string}\"},\"query-input\":{\"@type\":\"PropertyValueSpecification\",\"valueRequired\":true,\"valueName\":\"search_term_string\"}}],\"inLanguage\":\"en-US\"},{\"@type\":\"Organization\",\"@id\":\"https:\/\/gangel.hu\/#organization\",\"name\":\"Gangel F\u00e9rfiszab\u00f3s\u00e1g\",\"url\":\"https:\/\/gangel.hu\/\",\"logo\":{\"@type\":\"ImageObject\",\"inLanguage\":\"en-US\",\"@id\":\"https:\/\/gangel.hu\/#\/schema\/logo\/image\/\",\"url\":\"https:\/\/gangel.hu\/wp-content\/uploads\/gangel_logo-1.png\",\"contentUrl\":\"https:\/\/gangel.hu\/wp-content\/uploads\/gangel_logo-1.png\",\"width\":342,\"height\":121,\"caption\":\"Gangel F\u00e9rfiszab\u00f3s\u00e1g\"},\"image\":{\"@id\":\"https:\/\/gangel.hu\/#\/schema\/logo\/image\/\"},\"sameAs\":[\"https:\/\/www.facebook.com\/gangelszabosag\/\",\"https:\/\/www.instagram.com\/gangelszabosag\/?hl=hu\"]}]}<\/script>\n<!-- \/ Yoast SEO Premium plugin. -->","yoast_head_json":{"title":"Aj\u00e1nd\u00e9kk\u00e1rtya - Gangel F\u00e9rfiszab\u00f3s\u00e1g","robots":{"index":"index","follow":"follow","max-snippet":"max-snippet:-1","max-image-preview":"max-image-preview:large","max-video-preview":"max-video-preview:-1"},"canonical":"https:\/\/gangel.hu\/en\/gift-card\/","og_locale":"en_US","og_type":"article","og_title":"Aj\u00e1nd\u00e9kk\u00e1rtya","og_url":"https:\/\/gangel.hu\/en\/gift-card\/","og_site_name":"Gangel F\u00e9rfiszab\u00f3s\u00e1g","article_publisher":"https:\/\/www.facebook.com\/gangelszabosag\/","article_modified_time":"2022-08-27T06:58:34+00:00","twitter_card":"summary_large_image","twitter_misc":{"Est. reading time":"2 minutes"},"schema":{"@context":"https:\/\/schema.org","@graph":[{"@type":"WebPage","@id":"https:\/\/gangel.hu\/en\/gift-card\/","url":"https:\/\/gangel.hu\/en\/gift-card\/","name":"Aj\u00e1nd\u00e9kk\u00e1rtya - Gangel F\u00e9rfiszab\u00f3s\u00e1g","isPartOf":{"@id":"https:\/\/gangel.hu\/#website"},"datePublished":"2022-04-09T07:54:55+00:00","dateModified":"2022-08-27T06:58:34+00:00","breadcrumb":{"@id":"https:\/\/gangel.hu\/en\/gift-card\/#breadcrumb"},"inLanguage":"en-US","potentialAction":[{"@type":"ReadAction","target":["https:\/\/gangel.hu\/en\/gift-card\/"]}]},{"@type":"BreadcrumbList","@id":"https:\/\/gangel.hu\/en\/gift-card\/#breadcrumb","itemListElement":[{"@type":"ListItem","position":1,"name":"Kezd\u0151lap","item":"https:\/\/gangel.hu\/en\/home\/"},{"@type":"ListItem","position":2,"name":"Aj\u00e1nd\u00e9kk\u00e1rtya"}]},{"@type":"WebSite","@id":"https:\/\/gangel.hu\/#website","url":"https:\/\/gangel.hu\/","name":"Gangel F\u00e9rfiszab\u00f3s\u00e1g","description":"","publisher":{"@id":"https:\/\/gangel.hu\/#organization"},"potentialAction":[{"@type":"SearchAction","target":{"@type":"EntryPoint","urlTemplate":"https:\/\/gangel.hu\/?s={search_term_string}"},"query-input":{"@type":"PropertyValueSpecification","valueRequired":true,"valueName":"search_term_string"}}],"inLanguage":"en-US"},{"@type":"Organization","@id":"https:\/\/gangel.hu\/#organization","name":"Gangel F\u00e9rfiszab\u00f3s\u00e1g","url":"https:\/\/gangel.hu\/","logo":{"@type":"ImageObject","inLanguage":"en-US","@id":"https:\/\/gangel.hu\/#\/schema\/logo\/image\/","url":"https:\/\/gangel.hu\/wp-content\/uploads\/gangel_logo-1.png","contentUrl":"https:\/\/gangel.hu\/wp-content\/uploads\/gangel_logo-1.png","width":342,"height":121,"caption":"Gangel F\u00e9rfiszab\u00f3s\u00e1g"},"image":{"@id":"https:\/\/gangel.hu\/#\/schema\/logo\/image\/"},"sameAs":["https:\/\/www.facebook.com\/gangelszabosag\/","https:\/\/www.instagram.com\/gangelszabosag\/?hl=hu"]}]}},"_links":{"self":[{"href":"https:\/\/gangel.hu\/en\/wp-json\/wp\/v2\/pages\/1906","targetHints":{"allow":["GET"]}}],"collection":[{"href":"https:\/\/gangel.hu\/en\/wp-json\/wp\/v2\/pages"}],"about":[{"href":"https:\/\/gangel.hu\/en\/wp-json\/wp\/v2\/types\/page"}],"author":[{"embeddable":true,"href":"https:\/\/gangel.hu\/en\/wp-json\/wp\/v2\/users\/1"}],"replies":[{"embeddable":true,"href":"https:\/\/gangel.hu\/en\/wp-json\/wp\/v2\/comments?post=1906"}],"version-history":[{"count":6,"href":"https:\/\/gangel.hu\/en\/wp-json\/wp\/v2\/pages\/1906\/revisions"}],"predecessor-version":[{"id":2525,"href":"https:\/\/gangel.hu\/en\/wp-json\/wp\/v2\/pages\/1906\/revisions\/2525"}],"wp:attachment":[{"href":"https:\/\/gangel.hu\/en\/wp-json\/wp\/v2\/media?parent=1906"}],"curies":[{"name":"wp","href":"https:\/\/api.w.org\/{rel}","templated":true}]}}