{"id":1903,"date":"2014-07-09T15:49:00","date_gmt":"2014-07-09T13:49:00","guid":{"rendered":"https:\/\/gangel.hu\/home\/"},"modified":"2024-09-10T19:05:08","modified_gmt":"2024-09-10T17:05:08","slug":"home","status":"publish","type":"page","link":"https:\/\/gangel.hu\/en\/","title":{"rendered":"Home"},"content":{"rendered":"<div id='av_section_1'  class='avia-section av-av_section-e20e11b232c33ea52312394292f0d9a7 main_color avia-section-default avia-no-border-styling  avia-builder-el-0  avia-builder-el-no-sibling  avia-bg-style-scroll container_wrap fullsize'  ><div class='container av-section-cont-open' ><main  role=\"main\" itemprop=\"mainContentOfPage\"  class='template-page content  av-content-full alpha units'><div class='post-entry post-entry-type-page post-entry-1903'><div class='entry-content-wrapper clearfix'>\n\n<style type=\"text\/css\" data-created_by=\"avia_inline_auto\" id=\"style-css-av-kklg9t8r-d3bc893f267fca619d8f35480793d4dc\">\n#top .av_textblock_section.av-kklg9t8r-d3bc893f267fca619d8f35480793d4dc .avia_textblock{\ncolor:#2b2b2b;\n}\n<\/style>\n<section  class='av_textblock_section av-kklg9t8r-d3bc893f267fca619d8f35480793d4dc '   itemscope=\"itemscope\" itemtype=\"https:\/\/schema.org\/CreativeWork\" ><div class='avia_textblock av_inherit_color'  itemprop=\"text\" ><p>Did you know that a suit is not just comprised of trousers and a jacket? What we perceive as a single piece is actually the harmonious fusion of four different fabrics \u2013 wool, silk, linen, and cotton. These fabrics are cut into 42 separate pieces and require at least 232 steps to achieve their final form. It took us ten years of experimentation to find the perfect canvases and techniques that highlight the best qualities of the materials.<\/p>\n<p>This is no longer taught, and textile designers are keeping pace with the times, producing increasingly high-quality materials. Coordinating the subtle movement of the fabrics, considering the effect of body heat released during movement, is almost like an art form. However, only in this way can we create suits that not only fit perfectly but are also in complete harmony with the wearer, accentuating their physique while remaining flexible and durable even in the harshest conditions.<\/p>\n<\/div><\/section>\n\n<style type=\"text\/css\" data-created_by=\"avia_inline_auto\" id=\"style-css-av-lxhgky8j-7e3b9656fc5969b3b36f2621a1c04a2f\">\n.avia-image-container.av-lxhgky8j-7e3b9656fc5969b3b36f2621a1c04a2f img.avia_image{\nbox-shadow:none;\n}\n.avia-image-container.av-lxhgky8j-7e3b9656fc5969b3b36f2621a1c04a2f .av-image-caption-overlay-center{\ncolor:#ffffff;\n}\n<\/style>\n<div  class='avia-image-container av-lxhgky8j-7e3b9656fc5969b3b36f2621a1c04a2f av-styling- avia-align-center  avia-builder-el-2  el_after_av_textblock  el_before_av_textblock '   itemprop=\"image\" itemscope=\"itemscope\" itemtype=\"https:\/\/schema.org\/ImageObject\" ><div class=\"avia-image-container-inner\"><div class=\"avia-image-overlay-wrap\"><img decoding=\"async\" fetchpriority=\"high\" class='wp-image-2202 avia-img-lazy-loading-not-2202 avia_image ' src=\"https:\/\/gangel.hu\/wp-content\/uploads\/GB01514_header-1030x495.jpg\" alt='' title='GB01514_header'  height=\"495\" width=\"1030\"  itemprop=\"thumbnailUrl\" srcset=\"https:\/\/gangel.hu\/wp-content\/uploads\/GB01514_header-1030x495.jpg 1030w, https:\/\/gangel.hu\/wp-content\/uploads\/GB01514_header-300x144.jpg 300w, https:\/\/gangel.hu\/wp-content\/uploads\/GB01514_header-768x369.jpg 768w, https:\/\/gangel.hu\/wp-content\/uploads\/GB01514_header-1536x738.jpg 1536w, https:\/\/gangel.hu\/wp-content\/uploads\/GB01514_header-1500x721.jpg 1500w, https:\/\/gangel.hu\/wp-content\/uploads\/GB01514_header-705x339.jpg 705w, https:\/\/gangel.hu\/wp-content\/uploads\/GB01514_header.jpg 1920w\" sizes=\"(max-width: 1030px) 100vw, 1030px\" \/><\/div><\/div><\/div>\n\n<style type=\"text\/css\" data-created_by=\"avia_inline_auto\" id=\"style-css-av-kklg9t8r-d3bc893f267fca619d8f35480793d4dc\">\n#top .av_textblock_section.av-kklg9t8r-d3bc893f267fca619d8f35480793d4dc .avia_textblock{\ncolor:#2b2b2b;\n}\n<\/style>\n<section  class='av_textblock_section av-kklg9t8r-d3bc893f267fca619d8f35480793d4dc '   itemscope=\"itemscope\" itemtype=\"https:\/\/schema.org\/CreativeWork\" ><div class='avia_textblock av_inherit_color'  itemprop=\"text\" ><p>Despite what the major fashion brands claim, there is no such thing as a standard size that fits everyone. Each person has unique anatomical and even movement coordination characteristics. The angle of the shoulder slope, the curve of the spine, the arch of the buttocks, the length of the limbs, and even the tension of the quadriceps muscle can all matter, so these individual characteristics must always be taken into account in the design. Sometimes, it&#8217;s just a matter of a few millimeters where we place the top buttonhole on the jacket. This way, we can visually eliminate significant weight or achieve a stronger, more robust appearance with a particular cut.<\/p>\n<p>Of course, the first step is measurement. It&#8217;s not just about taking measurements with a tape measure, and even though we have 3D technology for creating digital avatars, this cannot replace the personal consultation where we learn about our clients&#8217; exact needs.<\/p>\n<p>So, who is the client, and what does he want to communicate about himself? Does he want a formal, everyday, business, or special piece? Does he have clear ideas, or would he like guidance in this ultimately expressive process?<\/p>\n<p>Please choose a unique time for a complimentary consultation and visit our private showroom. Here you can feel our fabric samples, view the multitude of creations already made, so that we can design your attire with perfect harmony, focusing solely on you without any distractions.<\/p>\n<p>We look forward to welcoming you!<\/p>\n<\/div><\/section>\n<div  class='avia-button-wrap av-lxhglnzr-c3e94ddc0c02604a133b37c2ae25655a-wrap avia-button-center  avia-builder-el-4  el_after_av_textblock  avia-builder-el-last '><a href='https:\/\/gangel.hu\/en\/book-an-appointment\/'  class='avia-button av-lxhglnzr-c3e94ddc0c02604a133b37c2ae25655a av-link-btn avia-icon_select-no avia-size-large avia-position-center avia-color-theme-color-highlight'   aria-label=\"Book an appointment\"><span class='avia_iconbox_title' >Book an appointment<\/span><\/a><\/div>\n\n","protected":false},"excerpt":{"rendered":"","protected":false},"author":1,"featured_media":0,"parent":0,"menu_order":0,"comment_status":"open","ping_status":"closed","template":"","meta":{"inline_featured_image":false,"footnotes":""},"class_list":["post-1903","page","type-page","status-publish","hentry"],"yoast_head":"<!-- This site is optimized with the Yoast SEO Premium plugin v25.6 (Yoast SEO v25.7) - https:\/\/yoast.com\/wordpress\/plugins\/seo\/ -->\n<title>Home - Gangel F\u00e9rfiszab\u00f3s\u00e1g<\/title>\n<meta name=\"robots\" content=\"index, follow, max-snippet:-1, max-image-preview:large, max-video-preview:-1\" \/>\n<link rel=\"canonical\" href=\"https:\/\/gangel.hu\/en\/home\/\" \/>\n<meta property=\"og:locale\" content=\"en_US\" \/>\n<meta property=\"og:type\" content=\"article\" \/>\n<meta property=\"og:title\" content=\"Home\" \/>\n<meta property=\"og:url\" content=\"https:\/\/gangel.hu\/en\/home\/\" \/>\n<meta property=\"og:site_name\" content=\"Gangel F\u00e9rfiszab\u00f3s\u00e1g\" \/>\n<meta property=\"article:publisher\" content=\"https:\/\/www.facebook.com\/gangelszabosag\/\" \/>\n<meta property=\"article:modified_time\" content=\"2024-09-10T17:05:08+00:00\" \/>\n<meta name=\"twitter:card\" content=\"summary_large_image\" \/>\n<meta name=\"twitter:label1\" content=\"Est. reading time\" \/>\n\t<meta name=\"twitter:data1\" content=\"3 minutes\" \/>\n<script type=\"application\/ld+json\" class=\"yoast-schema-graph\">{\"@context\":\"https:\/\/schema.org\",\"@graph\":[{\"@type\":\"WebPage\",\"@id\":\"https:\/\/gangel.hu\/en\/home\/\",\"url\":\"https:\/\/gangel.hu\/en\/home\/\",\"name\":\"Home - Gangel F\u00e9rfiszab\u00f3s\u00e1g\",\"isPartOf\":{\"@id\":\"https:\/\/gangel.hu\/#website\"},\"datePublished\":\"2014-07-09T13:49:00+00:00\",\"dateModified\":\"2024-09-10T17:05:08+00:00\",\"breadcrumb\":{\"@id\":\"https:\/\/gangel.hu\/en\/home\/#breadcrumb\"},\"inLanguage\":\"en-US\",\"potentialAction\":[{\"@type\":\"ReadAction\",\"target\":[\"https:\/\/gangel.hu\/en\/home\/\"]}]},{\"@type\":\"BreadcrumbList\",\"@id\":\"https:\/\/gangel.hu\/en\/home\/#breadcrumb\",\"itemListElement\":[{\"@type\":\"ListItem\",\"position\":1,\"name\":\"Kezd\u0151lap\",\"item\":\"https:\/\/gangel.hu\/en\/home\/\"},{\"@type\":\"ListItem\",\"position\":2,\"name\":\"Home\"}]},{\"@type\":\"WebSite\",\"@id\":\"https:\/\/gangel.hu\/#website\",\"url\":\"https:\/\/gangel.hu\/\",\"name\":\"Gangel F\u00e9rfiszab\u00f3s\u00e1g\",\"description\":\"\",\"publisher\":{\"@id\":\"https:\/\/gangel.hu\/#organization\"},\"potentialAction\":[{\"@type\":\"SearchAction\",\"target\":{\"@type\":\"EntryPoint\",\"urlTemplate\":\"https:\/\/gangel.hu\/?s={search_term_string}\"},\"query-input\":{\"@type\":\"PropertyValueSpecification\",\"valueRequired\":true,\"valueName\":\"search_term_string\"}}],\"inLanguage\":\"en-US\"},{\"@type\":\"Organization\",\"@id\":\"https:\/\/gangel.hu\/#organization\",\"name\":\"Gangel F\u00e9rfiszab\u00f3s\u00e1g\",\"url\":\"https:\/\/gangel.hu\/\",\"logo\":{\"@type\":\"ImageObject\",\"inLanguage\":\"en-US\",\"@id\":\"https:\/\/gangel.hu\/#\/schema\/logo\/image\/\",\"url\":\"https:\/\/gangel.hu\/wp-content\/uploads\/gangel_logo-1.png\",\"contentUrl\":\"https:\/\/gangel.hu\/wp-content\/uploads\/gangel_logo-1.png\",\"width\":342,\"height\":121,\"caption\":\"Gangel F\u00e9rfiszab\u00f3s\u00e1g\"},\"image\":{\"@id\":\"https:\/\/gangel.hu\/#\/schema\/logo\/image\/\"},\"sameAs\":[\"https:\/\/www.facebook.com\/gangelszabosag\/\",\"https:\/\/www.instagram.com\/gangelszabosag\/?hl=hu\"]}]}<\/script>\n<!-- \/ Yoast SEO Premium plugin. -->","yoast_head_json":{"title":"Home - Gangel F\u00e9rfiszab\u00f3s\u00e1g","robots":{"index":"index","follow":"follow","max-snippet":"max-snippet:-1","max-image-preview":"max-image-preview:large","max-video-preview":"max-video-preview:-1"},"canonical":"https:\/\/gangel.hu\/en\/home\/","og_locale":"en_US","og_type":"article","og_title":"Home","og_url":"https:\/\/gangel.hu\/en\/home\/","og_site_name":"Gangel F\u00e9rfiszab\u00f3s\u00e1g","article_publisher":"https:\/\/www.facebook.com\/gangelszabosag\/","article_modified_time":"2024-09-10T17:05:08+00:00","twitter_card":"summary_large_image","twitter_misc":{"Est. reading time":"3 minutes"},"schema":{"@context":"https:\/\/schema.org","@graph":[{"@type":"WebPage","@id":"https:\/\/gangel.hu\/en\/home\/","url":"https:\/\/gangel.hu\/en\/home\/","name":"Home - Gangel F\u00e9rfiszab\u00f3s\u00e1g","isPartOf":{"@id":"https:\/\/gangel.hu\/#website"},"datePublished":"2014-07-09T13:49:00+00:00","dateModified":"2024-09-10T17:05:08+00:00","breadcrumb":{"@id":"https:\/\/gangel.hu\/en\/home\/#breadcrumb"},"inLanguage":"en-US","potentialAction":[{"@type":"ReadAction","target":["https:\/\/gangel.hu\/en\/home\/"]}]},{"@type":"BreadcrumbList","@id":"https:\/\/gangel.hu\/en\/home\/#breadcrumb","itemListElement":[{"@type":"ListItem","position":1,"name":"Kezd\u0151lap","item":"https:\/\/gangel.hu\/en\/home\/"},{"@type":"ListItem","position":2,"name":"Home"}]},{"@type":"WebSite","@id":"https:\/\/gangel.hu\/#website","url":"https:\/\/gangel.hu\/","name":"Gangel F\u00e9rfiszab\u00f3s\u00e1g","description":"","publisher":{"@id":"https:\/\/gangel.hu\/#organization"},"potentialAction":[{"@type":"SearchAction","target":{"@type":"EntryPoint","urlTemplate":"https:\/\/gangel.hu\/?s={search_term_string}"},"query-input":{"@type":"PropertyValueSpecification","valueRequired":true,"valueName":"search_term_string"}}],"inLanguage":"en-US"},{"@type":"Organization","@id":"https:\/\/gangel.hu\/#organization","name":"Gangel F\u00e9rfiszab\u00f3s\u00e1g","url":"https:\/\/gangel.hu\/","logo":{"@type":"ImageObject","inLanguage":"en-US","@id":"https:\/\/gangel.hu\/#\/schema\/logo\/image\/","url":"https:\/\/gangel.hu\/wp-content\/uploads\/gangel_logo-1.png","contentUrl":"https:\/\/gangel.hu\/wp-content\/uploads\/gangel_logo-1.png","width":342,"height":121,"caption":"Gangel F\u00e9rfiszab\u00f3s\u00e1g"},"image":{"@id":"https:\/\/gangel.hu\/#\/schema\/logo\/image\/"},"sameAs":["https:\/\/www.facebook.com\/gangelszabosag\/","https:\/\/www.instagram.com\/gangelszabosag\/?hl=hu"]}]}},"_links":{"self":[{"href":"https:\/\/gangel.hu\/en\/wp-json\/wp\/v2\/pages\/1903","targetHints":{"allow":["GET"]}}],"collection":[{"href":"https:\/\/gangel.hu\/en\/wp-json\/wp\/v2\/pages"}],"about":[{"href":"https:\/\/gangel.hu\/en\/wp-json\/wp\/v2\/types\/page"}],"author":[{"embeddable":true,"href":"https:\/\/gangel.hu\/en\/wp-json\/wp\/v2\/users\/1"}],"replies":[{"embeddable":true,"href":"https:\/\/gangel.hu\/en\/wp-json\/wp\/v2\/comments?post=1903"}],"version-history":[{"count":11,"href":"https:\/\/gangel.hu\/en\/wp-json\/wp\/v2\/pages\/1903\/revisions"}],"predecessor-version":[{"id":3113,"href":"https:\/\/gangel.hu\/en\/wp-json\/wp\/v2\/pages\/1903\/revisions\/3113"}],"wp:attachment":[{"href":"https:\/\/gangel.hu\/en\/wp-json\/wp\/v2\/media?parent=1903"}],"curies":[{"name":"wp","href":"https:\/\/api.w.org\/{rel}","templated":true}]}}