{"id":1897,"date":"2021-01-31T17:14:54","date_gmt":"2021-01-31T16:14:54","guid":{"rendered":"https:\/\/gangel.hu\/services\/"},"modified":"2022-08-27T06:38:03","modified_gmt":"2022-08-27T06:38:03","slug":"services","status":"publish","type":"page","link":"https:\/\/gangel.hu\/en\/services\/","title":{"rendered":"Services"},"content":{"rendered":"\n<style type=\"text\/css\" data-created_by=\"avia_inline_auto\" id=\"style-css-av-l6930pyd-b437d6a83d48100bdbeb1e7ebaa4f447\">\n.avia-section.av-l6930pyd-b437d6a83d48100bdbeb1e7ebaa4f447{\nbackground-repeat:no-repeat;\nbackground-image:url(https:\/\/gangel.hu\/wp-content\/uploads\/Hogyan_valasszunk.jpg);\nbackground-position:50% 50%;\nbackground-attachment:scroll;\n}\n<\/style>\n<div id='av_section_1'  class='avia-section av-l6930pyd-b437d6a83d48100bdbeb1e7ebaa4f447 main_color avia-section-default avia-no-border-styling  avia-builder-el-0  el_before_av_section  avia-builder-el-first  avia-bg-style-scroll av-minimum-height av-minimum-height-50 av-height-50  container_wrap fullsize'  data-section-bg-repeat='no-repeat' data-av_minimum_height_pc='50' data-av_min_height_opt='50'><div class='container av-section-cont-open' ><main  role=\"main\" itemprop=\"mainContentOfPage\"  class='template-page content  av-content-full alpha units'><div class='post-entry post-entry-type-page post-entry-1897'><div class='entry-content-wrapper clearfix'>\n\n<style type=\"text\/css\" data-created_by=\"avia_inline_auto\" id=\"style-css-av-l6932jmg-fd0cfb033f4f46c78801d257cdfa5a75\">\n#top .av_textblock_section.av-l6932jmg-fd0cfb033f4f46c78801d257cdfa5a75 .avia_textblock{\ncolor:#ffffff;\n}\n<\/style>\n<section  class='av_textblock_section av-l6932jmg-fd0cfb033f4f46c78801d257cdfa5a75 '   itemscope=\"itemscope\" itemtype=\"https:\/\/schema.org\/CreativeWork\" ><div class='avia_textblock av_inherit_color'  itemprop=\"text\" ><h3 style=\"text-align: center;\"><strong>Our services<br \/>\n<\/strong><\/h3>\n<\/div><\/section>\n\n<style type=\"text\/css\" data-created_by=\"avia_inline_auto\" id=\"style-css-av-kkqzs5qa-524a255562b73855336395c292482753\">\n#top .av_textblock_section.av-kkqzs5qa-524a255562b73855336395c292482753 .avia_textblock{\ncolor:#ffffff;\n}\n<\/style>\n<section  class='av_textblock_section av-kkqzs5qa-524a255562b73855336395c292482753 '   itemscope=\"itemscope\" itemtype=\"https:\/\/schema.org\/CreativeWork\" ><div class='avia_textblock av_inherit_color'  itemprop=\"text\" ><p style=\"text-align: center;\">We can dress you up from head to toe. At our tailors, you can purchase your made-to-measure suit, jacket, coat, or practically every kind of clothes for any occasion.<\/p>\n<\/div><\/section>\n<\/div><\/div><\/main><!-- close content main element --><\/div><\/div><div id='av_section_2'  class='avia-section av-gw850-af0bc7071b624af5d2495303dc6e303b main_color avia-section-default avia-no-border-styling  avia-builder-el-3  el_after_av_section  avia-builder-el-last  avia-bg-style-scroll container_wrap fullsize'  ><div class='container av-section-cont-open' ><div class='template-page content  av-content-full alpha units'><div class='post-entry post-entry-type-page post-entry-1897'><div class='entry-content-wrapper clearfix'>\n\n<style type=\"text\/css\" data-created_by=\"avia_inline_auto\" id=\"style-css-av-songk-d133e31b10d129894494d5f78cafed55\">\n.flex_column.av-songk-d133e31b10d129894494d5f78cafed55{\nborder-radius:0px 0px 0px 0px;\npadding:0px 0px 0px 0px;\n}\n<\/style>\n<div  class='flex_column av-songk-d133e31b10d129894494d5f78cafed55 av_one_half  avia-builder-el-4  el_before_av_one_half  avia-builder-el-first  first flex_column_div av-zero-column-padding  '     ><p>\n<style type=\"text\/css\" data-created_by=\"avia_inline_auto\" id=\"style-css-av-kthhk17k-497e173f89fd3d4dd78994bb6de62457\">\n.avia-image-container.av-kthhk17k-497e173f89fd3d4dd78994bb6de62457 img.avia_image{\nbox-shadow:none;\n}\n.avia-image-container.av-kthhk17k-497e173f89fd3d4dd78994bb6de62457 .av-image-caption-overlay-center{\ncolor:#ffffff;\n}\n<\/style>\n<div  class='avia-image-container av-kthhk17k-497e173f89fd3d4dd78994bb6de62457 av-styling- avia-align-center  avia-builder-el-5  el_before_av_heading  avia-builder-el-first '   itemprop=\"image\" itemscope=\"itemscope\" itemtype=\"https:\/\/schema.org\/ImageObject\" ><div class=\"avia-image-container-inner\"><div class=\"avia-image-overlay-wrap\"><img decoding=\"async\" fetchpriority=\"high\" class='wp-image-2233 avia-img-lazy-loading-not-2233 avia_image ' src=\"https:\/\/gangel.hu\/wp-content\/uploads\/szolg_GB00798-495x400.jpg\" alt='' title='szolg_GB00798'  height=\"400\" width=\"495\"  itemprop=\"thumbnailUrl\"  \/><\/div><\/div><\/div><br \/>\n\n<style type=\"text\/css\" data-created_by=\"avia_inline_auto\" id=\"style-css-av-l7bj4d8b-2d52fc55871fc0a3afb69444afcda37b\">\n#top .av-special-heading.av-l7bj4d8b-2d52fc55871fc0a3afb69444afcda37b{\npadding-bottom:10px;\n}\nbody .av-special-heading.av-l7bj4d8b-2d52fc55871fc0a3afb69444afcda37b .av-special-heading-tag .heading-char{\nfont-size:25px;\n}\n.av-special-heading.av-l7bj4d8b-2d52fc55871fc0a3afb69444afcda37b .av-subheading{\nfont-size:15px;\n}\n<\/style>\n<div  class='av-special-heading av-l7bj4d8b-2d52fc55871fc0a3afb69444afcda37b av-special-heading-h3 blockquote modern-quote modern-centered  avia-builder-el-6  el_after_av_image  el_before_av_textblock '><h3 class='av-special-heading-tag '  itemprop=\"headline\"  >Suits<\/h3><div class=\"special-heading-border\"><div class=\"special-heading-inner-border\"><\/div><\/div><\/div><br \/>\n<section  class='av_textblock_section av-kthhkl4w-70eafd3edbef8d2e8c58782820d92379 '   itemscope=\"itemscope\" itemtype=\"https:\/\/schema.org\/CreativeWork\" ><div class='avia_textblock'  itemprop=\"text\" ><p style=\"text-align: center;\">The tailor-made suit is the foundation of the elegant man\u2019s wardrobe.<\/p>\n<\/div><\/section><br \/>\n<div  class='avia-buttonrow-wrap av-kthhpv6y-b575ee8c4ed6f6746d5ed5c354b4929e avia-buttonrow-center  avia-builder-el-8  el_after_av_textblock  avia-builder-el-last '>\n\n<style type=\"text\/css\" data-created_by=\"avia_inline_auto\" id=\"style-css-av-av_buttonrow_item-2af54d81231da1d88f0ddc7bf3370730\">\n#top #wrap_all .avia-button.av-av_buttonrow_item-2af54d81231da1d88f0ddc7bf3370730{\nmargin-bottom:2rem;\nmargin-right:1rem;\nmargin-left:1rem;\n}\n<\/style>\n<a href='https:\/\/gangel.hu\/en\/portfolio-item\/autumn-winter\/'  class='avia-button av-av_buttonrow_item-2af54d81231da1d88f0ddc7bf3370730 avia-icon_select-no avia-size-small avia-color-dark'   aria-label=\"Details\"><span class='avia_iconbox_title' >Details<\/span><\/a>\n\n<style type=\"text\/css\" data-created_by=\"avia_inline_auto\" id=\"style-css-av-av_buttonrow_item-3068f40e9a4c95bd4935297ed00cbe2c\">\n#top #wrap_all .avia-button.av-av_buttonrow_item-3068f40e9a4c95bd4935297ed00cbe2c{\nmargin-bottom:2rem;\nmargin-right:1rem;\nmargin-left:1rem;\n}\n<\/style>\n<a href='https:\/\/gangel.hu\/en\/portfolio-item\/autumn-winter\/'  class='avia-button av-av_buttonrow_item-3068f40e9a4c95bd4935297ed00cbe2c avia-icon_select-no avia-size-small avia-color-theme-color-highlight'   aria-label=\"Gallery\"><span class='avia_iconbox_title' >Gallery<\/span><\/a>\n<\/div><\/p><\/div>\n<style type=\"text\/css\" data-created_by=\"avia_inline_auto\" id=\"style-css-av-nmxsk-285562c1ed8fe21e75c50848be1b4722\">\n.flex_column.av-nmxsk-285562c1ed8fe21e75c50848be1b4722{\nborder-radius:0px 0px 0px 0px;\npadding:0px 0px 0px 0px;\n}\n<\/style>\n<div  class='flex_column av-nmxsk-285562c1ed8fe21e75c50848be1b4722 av_one_half  avia-builder-el-9  el_after_av_one_half  el_before_av_one_half  flex_column_div av-zero-column-padding  '     ><p>\n<style type=\"text\/css\" data-created_by=\"avia_inline_auto\" id=\"style-css-av-kthhk17k-e76210715d18f73d417fc6d5e090d4a2\">\n.avia-image-container.av-kthhk17k-e76210715d18f73d417fc6d5e090d4a2 img.avia_image{\nbox-shadow:none;\n}\n.avia-image-container.av-kthhk17k-e76210715d18f73d417fc6d5e090d4a2 .av-image-caption-overlay-center{\ncolor:#ffffff;\n}\n<\/style>\n<div  class='avia-image-container av-kthhk17k-e76210715d18f73d417fc6d5e090d4a2 av-styling- avia-align-center  avia-builder-el-10  el_before_av_heading  avia-builder-el-first '   itemprop=\"image\" itemscope=\"itemscope\" itemtype=\"https:\/\/schema.org\/ImageObject\" ><div class=\"avia-image-container-inner\"><div class=\"avia-image-overlay-wrap\"><img decoding=\"async\" fetchpriority=\"high\" class='wp-image-2235 avia-img-lazy-loading-not-2235 avia_image ' src=\"https:\/\/gangel.hu\/wp-content\/uploads\/szolg_2-495x400.jpg\" alt='' title='szolg_2'  height=\"400\" width=\"495\"  itemprop=\"thumbnailUrl\"  \/><\/div><\/div><\/div><br \/>\n\n<style type=\"text\/css\" data-created_by=\"avia_inline_auto\" id=\"style-css-av-l7bj4mp6-52134f632f317158a3b4b533433ae5ab\">\n#top .av-special-heading.av-l7bj4mp6-52134f632f317158a3b4b533433ae5ab{\npadding-bottom:10px;\n}\nbody .av-special-heading.av-l7bj4mp6-52134f632f317158a3b4b533433ae5ab .av-special-heading-tag .heading-char{\nfont-size:25px;\n}\n.av-special-heading.av-l7bj4mp6-52134f632f317158a3b4b533433ae5ab .av-subheading{\nfont-size:15px;\n}\n<\/style>\n<div  class='av-special-heading av-l7bj4mp6-52134f632f317158a3b4b533433ae5ab av-special-heading-h3 blockquote modern-quote modern-centered  avia-builder-el-11  el_after_av_image  el_before_av_textblock '><h3 class='av-special-heading-tag '  itemprop=\"headline\"  >Shirts<\/h3><div class=\"special-heading-border\"><div class=\"special-heading-inner-border\"><\/div><\/div><\/div><br \/>\n<section  class='av_textblock_section av-kthhkl4w-70eafd3edbef8d2e8c58782820d92379 '   itemscope=\"itemscope\" itemtype=\"https:\/\/schema.org\/CreativeWork\" ><div class='avia_textblock'  itemprop=\"text\" ><p style=\"text-align: center;\">It\u2019s advised to compliment your made-to-measure suit with a tailor-made suit for the perfect impression.<\/p>\n<\/div><\/section><br \/>\n<div  class='avia-buttonrow-wrap av-kthhpv6y-b575ee8c4ed6f6746d5ed5c354b4929e avia-buttonrow-center  avia-builder-el-13  el_after_av_textblock  avia-builder-el-last '>\n\n<style type=\"text\/css\" data-created_by=\"avia_inline_auto\" id=\"style-css-av-av_buttonrow_item-2af54d81231da1d88f0ddc7bf3370730\">\n#top #wrap_all .avia-button.av-av_buttonrow_item-2af54d81231da1d88f0ddc7bf3370730{\nmargin-bottom:2rem;\nmargin-right:1rem;\nmargin-left:1rem;\n}\n<\/style>\n<a href='https:\/\/gangel.hu\/en\/portfolio-item\/autumn-winter\/'  class='avia-button av-av_buttonrow_item-2af54d81231da1d88f0ddc7bf3370730 avia-icon_select-no avia-size-small avia-color-dark'   aria-label=\"Details\"><span class='avia_iconbox_title' >Details<\/span><\/a>\n\n<style type=\"text\/css\" data-created_by=\"avia_inline_auto\" id=\"style-css-av-av_buttonrow_item-3068f40e9a4c95bd4935297ed00cbe2c\">\n#top #wrap_all .avia-button.av-av_buttonrow_item-3068f40e9a4c95bd4935297ed00cbe2c{\nmargin-bottom:2rem;\nmargin-right:1rem;\nmargin-left:1rem;\n}\n<\/style>\n<a href='https:\/\/gangel.hu\/en\/portfolio-item\/autumn-winter\/'  class='avia-button av-av_buttonrow_item-3068f40e9a4c95bd4935297ed00cbe2c avia-icon_select-no avia-size-small avia-color-theme-color-highlight'   aria-label=\"Gallery\"><span class='avia_iconbox_title' >Gallery<\/span><\/a>\n<\/div><\/p><\/div>\n<style type=\"text\/css\" data-created_by=\"avia_inline_auto\" id=\"style-css-av-fw5j0-3003aa8a16fdf78041a1009496dfc28a\">\n.flex_column.av-fw5j0-3003aa8a16fdf78041a1009496dfc28a{\nborder-radius:0px 0px 0px 0px;\npadding:0px 0px 0px 0px;\n}\n<\/style>\n<div  class='flex_column av-fw5j0-3003aa8a16fdf78041a1009496dfc28a av_one_half  avia-builder-el-14  el_after_av_one_half  el_before_av_one_half  first flex_column_div av-zero-column-padding  column-top-margin'     ><p>\n<style type=\"text\/css\" data-created_by=\"avia_inline_auto\" id=\"style-css-av-kthhk17k-97477d2f977f9ac0069634dcaacd3f5a\">\n.avia-image-container.av-kthhk17k-97477d2f977f9ac0069634dcaacd3f5a img.avia_image{\nbox-shadow:none;\n}\n.avia-image-container.av-kthhk17k-97477d2f977f9ac0069634dcaacd3f5a .av-image-caption-overlay-center{\ncolor:#ffffff;\n}\n<\/style>\n<div  class='avia-image-container av-kthhk17k-97477d2f977f9ac0069634dcaacd3f5a av-styling- avia-align-center  avia-builder-el-15  el_before_av_heading  avia-builder-el-first '   itemprop=\"image\" itemscope=\"itemscope\" itemtype=\"https:\/\/schema.org\/ImageObject\" ><div class=\"avia-image-container-inner\"><div class=\"avia-image-overlay-wrap\"><img decoding=\"async\" fetchpriority=\"high\" class='wp-image-2240 avia-img-lazy-loading-not-2240 avia_image ' src=\"https:\/\/gangel.hu\/wp-content\/uploads\/szolg_3-495x400.jpg\" alt='' title='szolg_3'  height=\"400\" width=\"495\"  itemprop=\"thumbnailUrl\"  \/><\/div><\/div><\/div><br \/>\n\n<style type=\"text\/css\" data-created_by=\"avia_inline_auto\" id=\"style-css-av-l7bj4zk2-537d5daf330845818d558680cc3303c6\">\n#top .av-special-heading.av-l7bj4zk2-537d5daf330845818d558680cc3303c6{\npadding-bottom:10px;\n}\nbody .av-special-heading.av-l7bj4zk2-537d5daf330845818d558680cc3303c6 .av-special-heading-tag .heading-char{\nfont-size:25px;\n}\n.av-special-heading.av-l7bj4zk2-537d5daf330845818d558680cc3303c6 .av-subheading{\nfont-size:15px;\n}\n<\/style>\n<div  class='av-special-heading av-l7bj4zk2-537d5daf330845818d558680cc3303c6 av-special-heading-h3 blockquote modern-quote modern-centered  avia-builder-el-16  el_after_av_image  el_before_av_textblock '><h3 class='av-special-heading-tag '  itemprop=\"headline\"  >Special occasions<\/h3><div class=\"special-heading-border\"><div class=\"special-heading-inner-border\"><\/div><\/div><\/div><br \/>\n<section  class='av_textblock_section av-kthhkl4w-70eafd3edbef8d2e8c58782820d92379 '   itemscope=\"itemscope\" itemtype=\"https:\/\/schema.org\/CreativeWork\" ><div class='avia_textblock'  itemprop=\"text\" ><p style=\"text-align: center;\">Certain events require appropriate clothing. Usually, the invitation includes the expected dress code.<\/p>\n<\/div><\/section><br \/>\n<div  class='avia-buttonrow-wrap av-kthhpv6y-b575ee8c4ed6f6746d5ed5c354b4929e avia-buttonrow-center  avia-builder-el-18  el_after_av_textblock  avia-builder-el-last '>\n\n<style type=\"text\/css\" data-created_by=\"avia_inline_auto\" id=\"style-css-av-av_buttonrow_item-2af54d81231da1d88f0ddc7bf3370730\">\n#top #wrap_all .avia-button.av-av_buttonrow_item-2af54d81231da1d88f0ddc7bf3370730{\nmargin-bottom:2rem;\nmargin-right:1rem;\nmargin-left:1rem;\n}\n<\/style>\n<a href='https:\/\/gangel.hu\/en\/portfolio-item\/autumn-winter\/'  class='avia-button av-av_buttonrow_item-2af54d81231da1d88f0ddc7bf3370730 avia-icon_select-no avia-size-small avia-color-dark'   aria-label=\"Details\"><span class='avia_iconbox_title' >Details<\/span><\/a>\n\n<style type=\"text\/css\" data-created_by=\"avia_inline_auto\" id=\"style-css-av-av_buttonrow_item-3068f40e9a4c95bd4935297ed00cbe2c\">\n#top #wrap_all .avia-button.av-av_buttonrow_item-3068f40e9a4c95bd4935297ed00cbe2c{\nmargin-bottom:2rem;\nmargin-right:1rem;\nmargin-left:1rem;\n}\n<\/style>\n<a href='https:\/\/gangel.hu\/en\/portfolio-item\/autumn-winter\/'  class='avia-button av-av_buttonrow_item-3068f40e9a4c95bd4935297ed00cbe2c avia-icon_select-no avia-size-small avia-color-theme-color-highlight'   aria-label=\"Gallery\"><span class='avia_iconbox_title' >Gallery<\/span><\/a>\n<\/div><\/p><\/div>\n<style type=\"text\/css\" data-created_by=\"avia_inline_auto\" id=\"style-css-av-banys-948c411d7087f4673f375cb87f07f8ad\">\n.flex_column.av-banys-948c411d7087f4673f375cb87f07f8ad{\nborder-radius:0px 0px 0px 0px;\npadding:0px 0px 0px 0px;\n}\n<\/style>\n<div  class='flex_column av-banys-948c411d7087f4673f375cb87f07f8ad av_one_half  avia-builder-el-19  el_after_av_one_half  avia-builder-el-last  flex_column_div av-zero-column-padding  column-top-margin'     ><p>\n<style type=\"text\/css\" data-created_by=\"avia_inline_auto\" id=\"style-css-av-kthhk17k-23f670e3277012b645be0be0f2244f78\">\n.avia-image-container.av-kthhk17k-23f670e3277012b645be0be0f2244f78 img.avia_image{\nbox-shadow:none;\n}\n.avia-image-container.av-kthhk17k-23f670e3277012b645be0be0f2244f78 .av-image-caption-overlay-center{\ncolor:#ffffff;\n}\n<\/style>\n<div  class='avia-image-container av-kthhk17k-23f670e3277012b645be0be0f2244f78 av-styling- avia-align-center  avia-builder-el-20  el_before_av_heading  avia-builder-el-first '   itemprop=\"image\" itemscope=\"itemscope\" itemtype=\"https:\/\/schema.org\/ImageObject\" ><div class=\"avia-image-container-inner\"><div class=\"avia-image-overlay-wrap\"><img decoding=\"async\" fetchpriority=\"high\" class='wp-image-2242 avia-img-lazy-loading-not-2242 avia_image ' src=\"https:\/\/gangel.hu\/wp-content\/uploads\/szolg_4-495x400.jpg\" alt='' title='szolg_4'  height=\"400\" width=\"495\"  itemprop=\"thumbnailUrl\"  \/><\/div><\/div><\/div><br \/>\n\n<style type=\"text\/css\" data-created_by=\"avia_inline_auto\" id=\"style-css-av-l7bj58h8-c1513d8af453432b2c71bd4ae7bf6238\">\n#top .av-special-heading.av-l7bj58h8-c1513d8af453432b2c71bd4ae7bf6238{\npadding-bottom:10px;\n}\nbody .av-special-heading.av-l7bj58h8-c1513d8af453432b2c71bd4ae7bf6238 .av-special-heading-tag .heading-char{\nfont-size:25px;\n}\n.av-special-heading.av-l7bj58h8-c1513d8af453432b2c71bd4ae7bf6238 .av-subheading{\nfont-size:15px;\n}\n<\/style>\n<div  class='av-special-heading av-l7bj58h8-c1513d8af453432b2c71bd4ae7bf6238 av-special-heading-h3 blockquote modern-quote modern-centered  avia-builder-el-21  el_after_av_image  el_before_av_textblock '><h3 class='av-special-heading-tag '  itemprop=\"headline\"  >Coats<\/h3><div class=\"special-heading-border\"><div class=\"special-heading-inner-border\"><\/div><\/div><\/div><br \/>\n<section  class='av_textblock_section av-kthhkl4w-70eafd3edbef8d2e8c58782820d92379 '   itemscope=\"itemscope\" itemtype=\"https:\/\/schema.org\/CreativeWork\" ><div class='avia_textblock'  itemprop=\"text\" ><p style=\"text-align: center;\">The overlay coat is a vital element of the man\u2019s wardrobe.<\/p>\n<\/div><\/section><br \/>\n<div  class='avia-buttonrow-wrap av-kthhpv6y-b575ee8c4ed6f6746d5ed5c354b4929e avia-buttonrow-center  avia-builder-el-23  el_after_av_textblock  avia-builder-el-last '>\n\n<style type=\"text\/css\" data-created_by=\"avia_inline_auto\" id=\"style-css-av-av_buttonrow_item-2af54d81231da1d88f0ddc7bf3370730\">\n#top #wrap_all .avia-button.av-av_buttonrow_item-2af54d81231da1d88f0ddc7bf3370730{\nmargin-bottom:2rem;\nmargin-right:1rem;\nmargin-left:1rem;\n}\n<\/style>\n<a href='https:\/\/gangel.hu\/en\/portfolio-item\/autumn-winter\/'  class='avia-button av-av_buttonrow_item-2af54d81231da1d88f0ddc7bf3370730 avia-icon_select-no avia-size-small avia-color-dark'   aria-label=\"Details\"><span class='avia_iconbox_title' >Details<\/span><\/a>\n\n<style type=\"text\/css\" data-created_by=\"avia_inline_auto\" id=\"style-css-av-av_buttonrow_item-3068f40e9a4c95bd4935297ed00cbe2c\">\n#top #wrap_all .avia-button.av-av_buttonrow_item-3068f40e9a4c95bd4935297ed00cbe2c{\nmargin-bottom:2rem;\nmargin-right:1rem;\nmargin-left:1rem;\n}\n<\/style>\n<a href='https:\/\/gangel.hu\/en\/portfolio-item\/autumn-winter\/'  class='avia-button av-av_buttonrow_item-3068f40e9a4c95bd4935297ed00cbe2c avia-icon_select-no avia-size-small avia-color-theme-color-highlight'   aria-label=\"Gallery\"><span class='avia_iconbox_title' >Gallery<\/span><\/a>\n<\/div><\/p><\/div><\/p>\n","protected":false},"excerpt":{"rendered":"","protected":false},"author":1,"featured_media":0,"parent":0,"menu_order":0,"comment_status":"closed","ping_status":"closed","template":"","meta":{"inline_featured_image":false,"footnotes":""},"class_list":["post-1897","page","type-page","status-publish","hentry"],"yoast_head":"<!-- This site is optimized with the Yoast SEO Premium plugin v25.6 (Yoast SEO v25.7) - https:\/\/yoast.com\/wordpress\/plugins\/seo\/ -->\n<title>Services - Gangel F\u00e9rfiszab\u00f3s\u00e1g<\/title>\n<meta name=\"robots\" content=\"index, follow, max-snippet:-1, max-image-preview:large, max-video-preview:-1\" \/>\n<link rel=\"canonical\" href=\"https:\/\/gangel.hu\/en\/services\/\" \/>\n<meta property=\"og:locale\" content=\"en_US\" \/>\n<meta property=\"og:type\" content=\"article\" \/>\n<meta property=\"og:title\" content=\"Services\" \/>\n<meta property=\"og:url\" content=\"https:\/\/gangel.hu\/en\/services\/\" \/>\n<meta property=\"og:site_name\" content=\"Gangel F\u00e9rfiszab\u00f3s\u00e1g\" \/>\n<meta property=\"article:publisher\" content=\"https:\/\/www.facebook.com\/gangelszabosag\/\" \/>\n<meta property=\"article:modified_time\" content=\"2022-08-27T06:38:03+00:00\" \/>\n<meta name=\"twitter:card\" content=\"summary_large_image\" \/>\n<meta name=\"twitter:label1\" content=\"Est. reading time\" \/>\n\t<meta name=\"twitter:data1\" content=\"5 minutes\" \/>\n<script type=\"application\/ld+json\" class=\"yoast-schema-graph\">{\"@context\":\"https:\/\/schema.org\",\"@graph\":[{\"@type\":\"WebPage\",\"@id\":\"https:\/\/gangel.hu\/en\/services\/\",\"url\":\"https:\/\/gangel.hu\/en\/services\/\",\"name\":\"Services - Gangel F\u00e9rfiszab\u00f3s\u00e1g\",\"isPartOf\":{\"@id\":\"https:\/\/gangel.hu\/#website\"},\"datePublished\":\"2021-01-31T16:14:54+00:00\",\"dateModified\":\"2022-08-27T06:38:03+00:00\",\"breadcrumb\":{\"@id\":\"https:\/\/gangel.hu\/en\/services\/#breadcrumb\"},\"inLanguage\":\"en-US\",\"potentialAction\":[{\"@type\":\"ReadAction\",\"target\":[\"https:\/\/gangel.hu\/en\/services\/\"]}]},{\"@type\":\"BreadcrumbList\",\"@id\":\"https:\/\/gangel.hu\/en\/services\/#breadcrumb\",\"itemListElement\":[{\"@type\":\"ListItem\",\"position\":1,\"name\":\"Kezd\u0151lap\",\"item\":\"https:\/\/gangel.hu\/en\/home\/\"},{\"@type\":\"ListItem\",\"position\":2,\"name\":\"Services\"}]},{\"@type\":\"WebSite\",\"@id\":\"https:\/\/gangel.hu\/#website\",\"url\":\"https:\/\/gangel.hu\/\",\"name\":\"Gangel F\u00e9rfiszab\u00f3s\u00e1g\",\"description\":\"\",\"publisher\":{\"@id\":\"https:\/\/gangel.hu\/#organization\"},\"potentialAction\":[{\"@type\":\"SearchAction\",\"target\":{\"@type\":\"EntryPoint\",\"urlTemplate\":\"https:\/\/gangel.hu\/?s={search_term_string}\"},\"query-input\":{\"@type\":\"PropertyValueSpecification\",\"valueRequired\":true,\"valueName\":\"search_term_string\"}}],\"inLanguage\":\"en-US\"},{\"@type\":\"Organization\",\"@id\":\"https:\/\/gangel.hu\/#organization\",\"name\":\"Gangel F\u00e9rfiszab\u00f3s\u00e1g\",\"url\":\"https:\/\/gangel.hu\/\",\"logo\":{\"@type\":\"ImageObject\",\"inLanguage\":\"en-US\",\"@id\":\"https:\/\/gangel.hu\/#\/schema\/logo\/image\/\",\"url\":\"https:\/\/gangel.hu\/wp-content\/uploads\/gangel_logo-1.png\",\"contentUrl\":\"https:\/\/gangel.hu\/wp-content\/uploads\/gangel_logo-1.png\",\"width\":342,\"height\":121,\"caption\":\"Gangel F\u00e9rfiszab\u00f3s\u00e1g\"},\"image\":{\"@id\":\"https:\/\/gangel.hu\/#\/schema\/logo\/image\/\"},\"sameAs\":[\"https:\/\/www.facebook.com\/gangelszabosag\/\",\"https:\/\/www.instagram.com\/gangelszabosag\/?hl=hu\"]}]}<\/script>\n<!-- \/ Yoast SEO Premium plugin. -->","yoast_head_json":{"title":"Services - Gangel F\u00e9rfiszab\u00f3s\u00e1g","robots":{"index":"index","follow":"follow","max-snippet":"max-snippet:-1","max-image-preview":"max-image-preview:large","max-video-preview":"max-video-preview:-1"},"canonical":"https:\/\/gangel.hu\/en\/services\/","og_locale":"en_US","og_type":"article","og_title":"Services","og_url":"https:\/\/gangel.hu\/en\/services\/","og_site_name":"Gangel F\u00e9rfiszab\u00f3s\u00e1g","article_publisher":"https:\/\/www.facebook.com\/gangelszabosag\/","article_modified_time":"2022-08-27T06:38:03+00:00","twitter_card":"summary_large_image","twitter_misc":{"Est. reading time":"5 minutes"},"schema":{"@context":"https:\/\/schema.org","@graph":[{"@type":"WebPage","@id":"https:\/\/gangel.hu\/en\/services\/","url":"https:\/\/gangel.hu\/en\/services\/","name":"Services - Gangel F\u00e9rfiszab\u00f3s\u00e1g","isPartOf":{"@id":"https:\/\/gangel.hu\/#website"},"datePublished":"2021-01-31T16:14:54+00:00","dateModified":"2022-08-27T06:38:03+00:00","breadcrumb":{"@id":"https:\/\/gangel.hu\/en\/services\/#breadcrumb"},"inLanguage":"en-US","potentialAction":[{"@type":"ReadAction","target":["https:\/\/gangel.hu\/en\/services\/"]}]},{"@type":"BreadcrumbList","@id":"https:\/\/gangel.hu\/en\/services\/#breadcrumb","itemListElement":[{"@type":"ListItem","position":1,"name":"Kezd\u0151lap","item":"https:\/\/gangel.hu\/en\/home\/"},{"@type":"ListItem","position":2,"name":"Services"}]},{"@type":"WebSite","@id":"https:\/\/gangel.hu\/#website","url":"https:\/\/gangel.hu\/","name":"Gangel F\u00e9rfiszab\u00f3s\u00e1g","description":"","publisher":{"@id":"https:\/\/gangel.hu\/#organization"},"potentialAction":[{"@type":"SearchAction","target":{"@type":"EntryPoint","urlTemplate":"https:\/\/gangel.hu\/?s={search_term_string}"},"query-input":{"@type":"PropertyValueSpecification","valueRequired":true,"valueName":"search_term_string"}}],"inLanguage":"en-US"},{"@type":"Organization","@id":"https:\/\/gangel.hu\/#organization","name":"Gangel F\u00e9rfiszab\u00f3s\u00e1g","url":"https:\/\/gangel.hu\/","logo":{"@type":"ImageObject","inLanguage":"en-US","@id":"https:\/\/gangel.hu\/#\/schema\/logo\/image\/","url":"https:\/\/gangel.hu\/wp-content\/uploads\/gangel_logo-1.png","contentUrl":"https:\/\/gangel.hu\/wp-content\/uploads\/gangel_logo-1.png","width":342,"height":121,"caption":"Gangel F\u00e9rfiszab\u00f3s\u00e1g"},"image":{"@id":"https:\/\/gangel.hu\/#\/schema\/logo\/image\/"},"sameAs":["https:\/\/www.facebook.com\/gangelszabosag\/","https:\/\/www.instagram.com\/gangelszabosag\/?hl=hu"]}]}},"_links":{"self":[{"href":"https:\/\/gangel.hu\/en\/wp-json\/wp\/v2\/pages\/1897","targetHints":{"allow":["GET"]}}],"collection":[{"href":"https:\/\/gangel.hu\/en\/wp-json\/wp\/v2\/pages"}],"about":[{"href":"https:\/\/gangel.hu\/en\/wp-json\/wp\/v2\/types\/page"}],"author":[{"embeddable":true,"href":"https:\/\/gangel.hu\/en\/wp-json\/wp\/v2\/users\/1"}],"replies":[{"embeddable":true,"href":"https:\/\/gangel.hu\/en\/wp-json\/wp\/v2\/comments?post=1897"}],"version-history":[{"count":6,"href":"https:\/\/gangel.hu\/en\/wp-json\/wp\/v2\/pages\/1897\/revisions"}],"predecessor-version":[{"id":2510,"href":"https:\/\/gangel.hu\/en\/wp-json\/wp\/v2\/pages\/1897\/revisions\/2510"}],"wp:attachment":[{"href":"https:\/\/gangel.hu\/en\/wp-json\/wp\/v2\/media?parent=1897"}],"curies":[{"name":"wp","href":"https:\/\/api.w.org\/{rel}","templated":true}]}}