{"id":1894,"date":"2021-01-31T17:15:47","date_gmt":"2021-01-31T16:15:47","guid":{"rendered":"https:\/\/gangel.hu\/contact\/"},"modified":"2024-05-28T17:44:34","modified_gmt":"2024-05-28T17:44:34","slug":"contact","status":"publish","type":"page","link":"https:\/\/gangel.hu\/en\/contact\/","title":{"rendered":"Contact"},"content":{"rendered":"\n<style type=\"text\/css\" data-created_by=\"avia_inline_auto\" id=\"style-css-av-bhbxw-a7854f2236f59064265ab03f4acd1646\">\n.avia-section.av-bhbxw-a7854f2236f59064265ab03f4acd1646{\nbackground-color:#7b90af;\nbackground-image:unset;\n}\n<\/style>\n<div id='av_section_1'  class='avia-section av-bhbxw-a7854f2236f59064265ab03f4acd1646 main_color avia-section-default avia-no-border-styling  avia-builder-el-0  el_before_av_one_fifth  avia-builder-el-first  avia-bg-style-scroll container_wrap fullsize'  ><div class='container av-section-cont-open' ><main  role=\"main\" itemprop=\"mainContentOfPage\"  class='template-page content  av-content-full alpha units'><div class='post-entry post-entry-type-page post-entry-1894'><div class='entry-content-wrapper clearfix'>\n\n<style type=\"text\/css\" data-created_by=\"avia_inline_auto\" id=\"style-css-av-l69j5wm5-1137ec1abfd7b5a04dbd5b38836f2377\">\n#top .hr.hr-invisible.av-l69j5wm5-1137ec1abfd7b5a04dbd5b38836f2377{\nheight:50px;\n}\n<\/style>\n<div  class='hr av-l69j5wm5-1137ec1abfd7b5a04dbd5b38836f2377 hr-invisible  avia-builder-el-1  el_before_av_heading  avia-builder-el-first '><span class='hr-inner '><span class=\"hr-inner-style\"><\/span><\/span><\/div>\n\n<style type=\"text\/css\" data-created_by=\"avia_inline_auto\" id=\"style-css-av-av_heading-de508622c1abd0c669aa0718ab27e50a\">\n#top .av-special-heading.av-av_heading-de508622c1abd0c669aa0718ab27e50a{\npadding-bottom:10px;\ncolor:#ffffff;\n}\nbody .av-special-heading.av-av_heading-de508622c1abd0c669aa0718ab27e50a .av-special-heading-tag .heading-char{\nfont-size:25px;\n}\n.av-special-heading.av-av_heading-de508622c1abd0c669aa0718ab27e50a .special-heading-inner-border{\nborder-color:#ffffff;\n}\n.av-special-heading.av-av_heading-de508622c1abd0c669aa0718ab27e50a .av-subheading{\nfont-size:15px;\n}\n<\/style>\n<div  class='av-special-heading av-av_heading-de508622c1abd0c669aa0718ab27e50a av-special-heading-h3 custom-color-heading blockquote modern-quote modern-centered  avia-builder-el-2  el_after_av_hr  el_before_av_textblock '><h3 class='av-special-heading-tag '  itemprop=\"headline\"  >Contact<\/h3><div class=\"special-heading-border\"><div class=\"special-heading-inner-border\"><\/div><\/div><\/div>\n\n<style type=\"text\/css\" data-created_by=\"avia_inline_auto\" id=\"style-css-av-kkqzs5qa-524a255562b73855336395c292482753\">\n#top .av_textblock_section.av-kkqzs5qa-524a255562b73855336395c292482753 .avia_textblock{\ncolor:#ffffff;\n}\n<\/style>\n<section  class='av_textblock_section av-kkqzs5qa-524a255562b73855336395c292482753 '   itemscope=\"itemscope\" itemtype=\"https:\/\/schema.org\/CreativeWork\" ><div class='avia_textblock av_inherit_color'  itemprop=\"text\" ><p style=\"text-align: center;\">If you wish to arrange an appointment or have a question, we are happy to answer at any of our contact details below.<\/p>\n<\/div><\/section>\n\n<style type=\"text\/css\" data-created_by=\"avia_inline_auto\" id=\"style-css-av-p3uw4-aa0908f67a4b14c64db3c543debe6a35\">\n.flex_column.av-p3uw4-aa0908f67a4b14c64db3c543debe6a35{\nborder-radius:0px 0px 0px 0px;\npadding:0px 0px 0px 0px;\n}\n<\/style>\n<div  class='flex_column av-p3uw4-aa0908f67a4b14c64db3c543debe6a35 av_one_fourth  avia-builder-el-4  el_after_av_textblock  el_before_av_one_fourth  first flex_column_div av-zero-column-padding  column-top-margin'     ><p>\n<style type=\"text\/css\" data-created_by=\"avia_inline_auto\" id=\"style-css-av-l69jilxm-e091c58bd3eefd8264740f7d201c2eba\">\n.avia-image-container.av-l69jilxm-e091c58bd3eefd8264740f7d201c2eba img.avia_image{\nbox-shadow:none;\n}\n.avia-image-container.av-l69jilxm-e091c58bd3eefd8264740f7d201c2eba .av-image-caption-overlay-center{\ncolor:#ffffff;\n}\n<\/style>\n<div  class='avia-image-container av-l69jilxm-e091c58bd3eefd8264740f7d201c2eba av-styling- avia-align-center  avia-builder-el-5  el_before_av_hr  avia-builder-el-first '   itemprop=\"image\" itemscope=\"itemscope\" itemtype=\"https:\/\/schema.org\/ImageObject\" ><div class=\"avia-image-container-inner\"><div class=\"avia-image-overlay-wrap\"><img decoding=\"async\" fetchpriority=\"high\" class='wp-image-2309 avia-img-lazy-loading-not-2309 avia_image ' src=\"https:\/\/gangel.hu\/wp-content\/uploads\/kapcs_tel.png\" alt='' title='kapcs_tel'  height=\"74\" width=\"94\"  itemprop=\"thumbnailUrl\"  \/><\/div><\/div><\/div><br \/>\n\n<style type=\"text\/css\" data-created_by=\"avia_inline_auto\" id=\"style-css-av-kktooqnu-1804ce338d3d366d7b05e176a7f7cb75\">\n#top .hr.hr-invisible.av-kktooqnu-1804ce338d3d366d7b05e176a7f7cb75{\nheight:30px;\n}\n<\/style>\n<div  class='hr av-kktooqnu-1804ce338d3d366d7b05e176a7f7cb75 hr-invisible  avia-builder-el-6  el_after_av_image  el_before_av_textblock '><span class='hr-inner '><span class=\"hr-inner-style\"><\/span><\/span><\/div><br \/>\n\n<style type=\"text\/css\" data-created_by=\"avia_inline_auto\" id=\"style-css-av-kktoj80l-bff03a24fafcfcaefa8787ebec988995\">\n#top .av_textblock_section.av-kktoj80l-bff03a24fafcfcaefa8787ebec988995 .avia_textblock{\ncolor:#ffffff;\n}\n<\/style>\n<section  class='av_textblock_section av-kktoj80l-bff03a24fafcfcaefa8787ebec988995 '   itemscope=\"itemscope\" itemtype=\"https:\/\/schema.org\/CreativeWork\" ><div class='avia_textblock av_inherit_color'  itemprop=\"text\" ><h4 class=\"et_pb_module_header\" style=\"text-align: center;\">Telephone<\/h4>\n<div class=\"et_pb_blurb_description\" style=\"text-align: center;\"><a href=\"tel:+36702441821\">+36 70\/244 18 21<\/a><\/div>\n<div style=\"text-align: center;\">\u00a0<a href=\"tel:+36702015965\">+36 70\/201 59 65<\/a><\/div>\n<\/div><\/section><\/p><\/div>\n<style type=\"text\/css\" data-created_by=\"avia_inline_auto\" id=\"style-css-av-nlrd0-e8d11ea02347d0750cbf4d44ac452917\">\n.flex_column.av-nlrd0-e8d11ea02347d0750cbf4d44ac452917{\nborder-radius:0px 0px 0px 0px;\npadding:0px 0px 0px 0px;\n}\n<\/style>\n<div  class='flex_column av-nlrd0-e8d11ea02347d0750cbf4d44ac452917 av_one_fourth  avia-builder-el-8  el_after_av_one_fourth  el_before_av_one_fourth  flex_column_div av-zero-column-padding  column-top-margin'     ><p>\n<style type=\"text\/css\" data-created_by=\"avia_inline_auto\" id=\"style-css-av-l69jilxm-a86a5e5b60e06e03a90326e4d81bbcd2\">\n.avia-image-container.av-l69jilxm-a86a5e5b60e06e03a90326e4d81bbcd2 img.avia_image{\nbox-shadow:none;\n}\n.avia-image-container.av-l69jilxm-a86a5e5b60e06e03a90326e4d81bbcd2 .av-image-caption-overlay-center{\ncolor:#ffffff;\n}\n<\/style>\n<div  class='avia-image-container av-l69jilxm-a86a5e5b60e06e03a90326e4d81bbcd2 av-styling- avia-align-center  avia-builder-el-9  el_before_av_hr  avia-builder-el-first '   itemprop=\"image\" itemscope=\"itemscope\" itemtype=\"https:\/\/schema.org\/ImageObject\" ><div class=\"avia-image-container-inner\"><div class=\"avia-image-overlay-wrap\"><img decoding=\"async\" fetchpriority=\"high\" class='wp-image-2311 avia-img-lazy-loading-not-2311 avia_image ' src=\"https:\/\/gangel.hu\/wp-content\/uploads\/kapcs_email.png\" alt='' title='kapcs_email'  height=\"74\" width=\"91\"  itemprop=\"thumbnailUrl\"  \/><\/div><\/div><\/div><br \/>\n\n<style type=\"text\/css\" data-created_by=\"avia_inline_auto\" id=\"style-css-av-kktooqnu-1804ce338d3d366d7b05e176a7f7cb75\">\n#top .hr.hr-invisible.av-kktooqnu-1804ce338d3d366d7b05e176a7f7cb75{\nheight:30px;\n}\n<\/style>\n<div  class='hr av-kktooqnu-1804ce338d3d366d7b05e176a7f7cb75 hr-invisible  avia-builder-el-10  el_after_av_image  el_before_av_textblock '><span class='hr-inner '><span class=\"hr-inner-style\"><\/span><\/span><\/div><br \/>\n\n<style type=\"text\/css\" data-created_by=\"avia_inline_auto\" id=\"style-css-av-kktoj80l-bff03a24fafcfcaefa8787ebec988995\">\n#top .av_textblock_section.av-kktoj80l-bff03a24fafcfcaefa8787ebec988995 .avia_textblock{\ncolor:#ffffff;\n}\n<\/style>\n<section  class='av_textblock_section av-kktoj80l-bff03a24fafcfcaefa8787ebec988995 '   itemscope=\"itemscope\" itemtype=\"https:\/\/schema.org\/CreativeWork\" ><div class='avia_textblock av_inherit_color'  itemprop=\"text\" ><div class=\"et_pb_blurb_container\">\n<h4 class=\"et_pb_module_header\" style=\"text-align: center;\">E-mail<\/h4>\n<div class=\"et_pb_blurb_description\" style=\"text-align: center;\"><a href=\"mailto:gangel.benjamin@gmail.com\">gangel.benjamin@gmail.com<\/a><\/div>\n<\/div>\n<\/div><\/section><\/p><\/div>\n<style type=\"text\/css\" data-created_by=\"avia_inline_auto\" id=\"style-css-av-dqyzg-081006ddacb3ff64bf234f31e75e042c\">\n.flex_column.av-dqyzg-081006ddacb3ff64bf234f31e75e042c{\nborder-radius:0px 0px 0px 0px;\npadding:0px 0px 0px 0px;\n}\n<\/style>\n<div  class='flex_column av-dqyzg-081006ddacb3ff64bf234f31e75e042c av_one_fourth  avia-builder-el-12  el_after_av_one_fourth  el_before_av_one_fourth  flex_column_div av-zero-column-padding  column-top-margin'     ><p>\n<style type=\"text\/css\" data-created_by=\"avia_inline_auto\" id=\"style-css-av-l69jilxm-e850f9e0548f15a6ff0aa7076fc3a7ad\">\n.avia-image-container.av-l69jilxm-e850f9e0548f15a6ff0aa7076fc3a7ad img.avia_image{\nbox-shadow:none;\n}\n.avia-image-container.av-l69jilxm-e850f9e0548f15a6ff0aa7076fc3a7ad .av-image-caption-overlay-center{\ncolor:#ffffff;\n}\n<\/style>\n<div  class='avia-image-container av-l69jilxm-e850f9e0548f15a6ff0aa7076fc3a7ad av-styling- avia-align-center  avia-builder-el-13  el_before_av_hr  avia-builder-el-first '   itemprop=\"image\" itemscope=\"itemscope\" itemtype=\"https:\/\/schema.org\/ImageObject\" ><div class=\"avia-image-container-inner\"><div class=\"avia-image-overlay-wrap\"><img decoding=\"async\" fetchpriority=\"high\" class='wp-image-2294 avia-img-lazy-loading-not-2294 avia_image ' src=\"https:\/\/gangel.hu\/wp-content\/uploads\/Icon_hely.png\" alt='' title='Icon_hely'  height=\"88\" width=\"71\"  itemprop=\"thumbnailUrl\"  \/><\/div><\/div><\/div><br \/>\n\n<style type=\"text\/css\" data-created_by=\"avia_inline_auto\" id=\"style-css-av-kktooqnu-1804ce338d3d366d7b05e176a7f7cb75\">\n#top .hr.hr-invisible.av-kktooqnu-1804ce338d3d366d7b05e176a7f7cb75{\nheight:30px;\n}\n<\/style>\n<div  class='hr av-kktooqnu-1804ce338d3d366d7b05e176a7f7cb75 hr-invisible  avia-builder-el-14  el_after_av_image  el_before_av_textblock '><span class='hr-inner '><span class=\"hr-inner-style\"><\/span><\/span><\/div><br \/>\n\n<style type=\"text\/css\" data-created_by=\"avia_inline_auto\" id=\"style-css-av-kktoj80l-bff03a24fafcfcaefa8787ebec988995\">\n#top .av_textblock_section.av-kktoj80l-bff03a24fafcfcaefa8787ebec988995 .avia_textblock{\ncolor:#ffffff;\n}\n<\/style>\n<section  class='av_textblock_section av-kktoj80l-bff03a24fafcfcaefa8787ebec988995 '   itemscope=\"itemscope\" itemtype=\"https:\/\/schema.org\/CreativeWork\" ><div class='avia_textblock av_inherit_color'  itemprop=\"text\" ><div class=\"et_pb_module et_pb_blurb et_pb_blurb_2 et_pb_bg_layout_light et_pb_text_align_center et_pb_blurb_position_top\">\n<div class=\"et_pb_blurb_content\">\n<div class=\"et_pb_blurb_container\">\n<h4 class=\"et_pb_module_header\" style=\"text-align: center;\">P\u00e9cs<\/h4>\n<div class=\"et_pb_blurb_description\" style=\"text-align: center;\"><a href=\"https:\/\/goo.gl\/maps\/c8bqz8mMi1noyrWJA\" target=\"_blank\" rel=\"noopener noreferrer\">7634 P\u00e9cs, Makay \u00dat 48.<\/a><\/div>\n<\/div>\n<\/div>\n<\/div>\n<\/div><\/section><\/p><\/div>\n<style type=\"text\/css\" data-created_by=\"avia_inline_auto\" id=\"style-css-av-aky1o-34278be6ce1075e42c8127b9905b89a1\">\n.flex_column.av-aky1o-34278be6ce1075e42c8127b9905b89a1{\nborder-radius:0px 0px 0px 0px;\npadding:0px 0px 0px 0px;\n}\n<\/style>\n<div  class='flex_column av-aky1o-34278be6ce1075e42c8127b9905b89a1 av_one_fourth  avia-builder-el-16  el_after_av_one_fourth  avia-builder-el-last  flex_column_div av-zero-column-padding  column-top-margin'     ><p>\n<style type=\"text\/css\" data-created_by=\"avia_inline_auto\" id=\"style-css-av-l69jilxm-e850f9e0548f15a6ff0aa7076fc3a7ad\">\n.avia-image-container.av-l69jilxm-e850f9e0548f15a6ff0aa7076fc3a7ad img.avia_image{\nbox-shadow:none;\n}\n.avia-image-container.av-l69jilxm-e850f9e0548f15a6ff0aa7076fc3a7ad .av-image-caption-overlay-center{\ncolor:#ffffff;\n}\n<\/style>\n<div  class='avia-image-container av-l69jilxm-e850f9e0548f15a6ff0aa7076fc3a7ad av-styling- avia-align-center  avia-builder-el-17  el_before_av_hr  avia-builder-el-first '   itemprop=\"image\" itemscope=\"itemscope\" itemtype=\"https:\/\/schema.org\/ImageObject\" ><div class=\"avia-image-container-inner\"><div class=\"avia-image-overlay-wrap\"><img decoding=\"async\" fetchpriority=\"high\" class='wp-image-2294 avia-img-lazy-loading-not-2294 avia_image ' src=\"https:\/\/gangel.hu\/wp-content\/uploads\/Icon_hely.png\" alt='' title='Icon_hely'  height=\"88\" width=\"71\"  itemprop=\"thumbnailUrl\"  \/><\/div><\/div><\/div><br \/>\n\n<style type=\"text\/css\" data-created_by=\"avia_inline_auto\" id=\"style-css-av-kktooqnu-1804ce338d3d366d7b05e176a7f7cb75\">\n#top .hr.hr-invisible.av-kktooqnu-1804ce338d3d366d7b05e176a7f7cb75{\nheight:30px;\n}\n<\/style>\n<div  class='hr av-kktooqnu-1804ce338d3d366d7b05e176a7f7cb75 hr-invisible  avia-builder-el-18  el_after_av_image  el_before_av_textblock '><span class='hr-inner '><span class=\"hr-inner-style\"><\/span><\/span><\/div><br \/>\n\n<style type=\"text\/css\" data-created_by=\"avia_inline_auto\" id=\"style-css-av-kktoj80l-bff03a24fafcfcaefa8787ebec988995\">\n#top .av_textblock_section.av-kktoj80l-bff03a24fafcfcaefa8787ebec988995 .avia_textblock{\ncolor:#ffffff;\n}\n<\/style>\n<section  class='av_textblock_section av-kktoj80l-bff03a24fafcfcaefa8787ebec988995 '   itemscope=\"itemscope\" itemtype=\"https:\/\/schema.org\/CreativeWork\" ><div class='avia_textblock av_inherit_color'  itemprop=\"text\" ><div class=\"et_pb_module et_pb_blurb et_pb_blurb_2 et_pb_bg_layout_light et_pb_text_align_center et_pb_blurb_position_top\">\n<div class=\"et_pb_blurb_content\">\n<div class=\"et_pb_blurb_container\">\n<h4 class=\"et_pb_module_header\" style=\"text-align: center;\">Budapest<\/h4>\n<div class=\"et_pb_blurb_description\" style=\"text-align: center;\"><a href=\"https:\/\/maps.app.goo.gl\/xGGqMz1MfYeJJ9q97\">1026 Budapest, Torock\u00f3 u.9.<\/a><\/div>\n<\/div>\n<\/div>\n<\/div>\n<\/div><\/section><\/p><\/div><\/div><\/div><\/main><!-- close content main element --><\/div><\/div><div id='after_section_1'  class='main_color av_default_container_wrap container_wrap fullsize'  ><div class='container av-section-cont-open' ><div class='template-page content  av-content-full alpha units'><div class='post-entry post-entry-type-page post-entry-1894'><div class='entry-content-wrapper clearfix'>\n<style type=\"text\/css\" data-created_by=\"avia_inline_auto\" id=\"style-css-av-mla38-4b0520707e2affcb45d2d2baf6ae8c4b\">\n.flex_column.av-mla38-4b0520707e2affcb45d2d2baf6ae8c4b{\nborder-radius:0px 0px 0px 0px;\npadding:0px 0px 0px 0px;\n}\n<\/style>\n<div  class='flex_column av-mla38-4b0520707e2affcb45d2d2baf6ae8c4b av_one_fifth  avia-builder-el-20  el_after_av_section  el_before_av_three_fifth  avia-builder-el-first  first flex_column_div av-zero-column-padding  '     ><\/div><\/p>\n\n<style type=\"text\/css\" data-created_by=\"avia_inline_auto\" id=\"style-css-av-delro-77bf46f3b6f489d0830bd1eca5853222\">\n.flex_column.av-delro-77bf46f3b6f489d0830bd1eca5853222{\nborder-radius:0px 0px 0px 0px;\npadding:0px 0px 0px 0px;\n}\n<\/style>\n<div  class='flex_column av-delro-77bf46f3b6f489d0830bd1eca5853222 av_three_fifth  avia-builder-el-21  el_after_av_one_fifth  el_before_av_one_fifth  flex_column_div av-zero-column-padding  '     ><style type=\"text\/css\" data-created_by=\"avia_inline_auto\" id=\"style-css-av-l69jrtav-6bbda3304520458dcd318929e8f0ffad\">\n.avia-image-container.av-l69jrtav-6bbda3304520458dcd318929e8f0ffad img.avia_image{\nbox-shadow:none;\n}\n.avia-image-container.av-l69jrtav-6bbda3304520458dcd318929e8f0ffad .av-image-caption-overlay-center{\ncolor:#ffffff;\n}\n<\/style>\n<div  class='avia-image-container av-l69jrtav-6bbda3304520458dcd318929e8f0ffad av-styling- avia-align-center  avia-builder-el-22  avia-builder-el-no-sibling '   itemprop=\"image\" itemscope=\"itemscope\" itemtype=\"https:\/\/schema.org\/ImageObject\" ><div class=\"avia-image-container-inner\"><div class=\"avia-image-overlay-wrap\"><img decoding=\"async\" fetchpriority=\"high\" class='wp-image-2305 avia-img-lazy-loading-not-2305 avia_image ' src=\"https:\/\/gangel.hu\/wp-content\/uploads\/kapcs.png\" alt='' title='kapcs'  height=\"676\" width=\"892\"  itemprop=\"thumbnailUrl\" srcset=\"https:\/\/gangel.hu\/wp-content\/uploads\/kapcs.png 892w, https:\/\/gangel.hu\/wp-content\/uploads\/kapcs-300x227.png 300w, https:\/\/gangel.hu\/wp-content\/uploads\/kapcs-768x582.png 768w, https:\/\/gangel.hu\/wp-content\/uploads\/kapcs-705x534.png 705w\" sizes=\"(max-width: 892px) 100vw, 892px\" \/><\/div><\/div><\/div><\/div>\n\n<style type=\"text\/css\" data-created_by=\"avia_inline_auto\" id=\"style-css-av-b3mvw-fdbb12502bf6f293c0c0455c42ff5962\">\n.flex_column.av-b3mvw-fdbb12502bf6f293c0c0455c42ff5962{\nborder-radius:0px 0px 0px 0px;\npadding:0px 0px 0px 0px;\n}\n<\/style>\n<div  class='flex_column av-b3mvw-fdbb12502bf6f293c0c0455c42ff5962 av_one_fifth  avia-builder-el-23  el_after_av_three_fifth  avia-builder-el-last  flex_column_div av-zero-column-padding  '     ><\/div>\n","protected":false},"excerpt":{"rendered":"","protected":false},"author":1,"featured_media":0,"parent":0,"menu_order":0,"comment_status":"closed","ping_status":"closed","template":"","meta":{"inline_featured_image":false,"footnotes":""},"class_list":["post-1894","page","type-page","status-publish","hentry"],"yoast_head":"<!-- This site is optimized with the Yoast SEO Premium plugin v25.6 (Yoast SEO v25.7) - https:\/\/yoast.com\/wordpress\/plugins\/seo\/ -->\n<title>Contact - Gangel F\u00e9rfiszab\u00f3s\u00e1g<\/title>\n<meta name=\"robots\" content=\"index, follow, max-snippet:-1, max-image-preview:large, max-video-preview:-1\" \/>\n<link rel=\"canonical\" href=\"https:\/\/gangel.hu\/en\/contact\/\" \/>\n<meta property=\"og:locale\" content=\"en_US\" \/>\n<meta property=\"og:type\" content=\"article\" \/>\n<meta property=\"og:title\" content=\"Contact\" \/>\n<meta property=\"og:url\" content=\"https:\/\/gangel.hu\/en\/contact\/\" \/>\n<meta property=\"og:site_name\" content=\"Gangel F\u00e9rfiszab\u00f3s\u00e1g\" \/>\n<meta property=\"article:publisher\" content=\"https:\/\/www.facebook.com\/gangelszabosag\/\" \/>\n<meta property=\"article:modified_time\" content=\"2024-05-28T17:44:34+00:00\" \/>\n<meta name=\"twitter:card\" content=\"summary_large_image\" \/>\n<meta name=\"twitter:label1\" content=\"Est. reading time\" \/>\n\t<meta name=\"twitter:data1\" content=\"4 minutes\" \/>\n<script type=\"application\/ld+json\" class=\"yoast-schema-graph\">{\"@context\":\"https:\/\/schema.org\",\"@graph\":[{\"@type\":\"WebPage\",\"@id\":\"https:\/\/gangel.hu\/en\/contact\/\",\"url\":\"https:\/\/gangel.hu\/en\/contact\/\",\"name\":\"Contact - Gangel F\u00e9rfiszab\u00f3s\u00e1g\",\"isPartOf\":{\"@id\":\"https:\/\/gangel.hu\/#website\"},\"datePublished\":\"2021-01-31T16:15:47+00:00\",\"dateModified\":\"2024-05-28T17:44:34+00:00\",\"breadcrumb\":{\"@id\":\"https:\/\/gangel.hu\/en\/contact\/#breadcrumb\"},\"inLanguage\":\"en-US\",\"potentialAction\":[{\"@type\":\"ReadAction\",\"target\":[\"https:\/\/gangel.hu\/en\/contact\/\"]}]},{\"@type\":\"BreadcrumbList\",\"@id\":\"https:\/\/gangel.hu\/en\/contact\/#breadcrumb\",\"itemListElement\":[{\"@type\":\"ListItem\",\"position\":1,\"name\":\"Kezd\u0151lap\",\"item\":\"https:\/\/gangel.hu\/en\/home\/\"},{\"@type\":\"ListItem\",\"position\":2,\"name\":\"Contact\"}]},{\"@type\":\"WebSite\",\"@id\":\"https:\/\/gangel.hu\/#website\",\"url\":\"https:\/\/gangel.hu\/\",\"name\":\"Gangel F\u00e9rfiszab\u00f3s\u00e1g\",\"description\":\"\",\"publisher\":{\"@id\":\"https:\/\/gangel.hu\/#organization\"},\"potentialAction\":[{\"@type\":\"SearchAction\",\"target\":{\"@type\":\"EntryPoint\",\"urlTemplate\":\"https:\/\/gangel.hu\/?s={search_term_string}\"},\"query-input\":{\"@type\":\"PropertyValueSpecification\",\"valueRequired\":true,\"valueName\":\"search_term_string\"}}],\"inLanguage\":\"en-US\"},{\"@type\":\"Organization\",\"@id\":\"https:\/\/gangel.hu\/#organization\",\"name\":\"Gangel F\u00e9rfiszab\u00f3s\u00e1g\",\"url\":\"https:\/\/gangel.hu\/\",\"logo\":{\"@type\":\"ImageObject\",\"inLanguage\":\"en-US\",\"@id\":\"https:\/\/gangel.hu\/#\/schema\/logo\/image\/\",\"url\":\"https:\/\/gangel.hu\/wp-content\/uploads\/gangel_logo-1.png\",\"contentUrl\":\"https:\/\/gangel.hu\/wp-content\/uploads\/gangel_logo-1.png\",\"width\":342,\"height\":121,\"caption\":\"Gangel F\u00e9rfiszab\u00f3s\u00e1g\"},\"image\":{\"@id\":\"https:\/\/gangel.hu\/#\/schema\/logo\/image\/\"},\"sameAs\":[\"https:\/\/www.facebook.com\/gangelszabosag\/\",\"https:\/\/www.instagram.com\/gangelszabosag\/?hl=hu\"]}]}<\/script>\n<!-- \/ Yoast SEO Premium plugin. -->","yoast_head_json":{"title":"Contact - Gangel F\u00e9rfiszab\u00f3s\u00e1g","robots":{"index":"index","follow":"follow","max-snippet":"max-snippet:-1","max-image-preview":"max-image-preview:large","max-video-preview":"max-video-preview:-1"},"canonical":"https:\/\/gangel.hu\/en\/contact\/","og_locale":"en_US","og_type":"article","og_title":"Contact","og_url":"https:\/\/gangel.hu\/en\/contact\/","og_site_name":"Gangel F\u00e9rfiszab\u00f3s\u00e1g","article_publisher":"https:\/\/www.facebook.com\/gangelszabosag\/","article_modified_time":"2024-05-28T17:44:34+00:00","twitter_card":"summary_large_image","twitter_misc":{"Est. reading time":"4 minutes"},"schema":{"@context":"https:\/\/schema.org","@graph":[{"@type":"WebPage","@id":"https:\/\/gangel.hu\/en\/contact\/","url":"https:\/\/gangel.hu\/en\/contact\/","name":"Contact - Gangel F\u00e9rfiszab\u00f3s\u00e1g","isPartOf":{"@id":"https:\/\/gangel.hu\/#website"},"datePublished":"2021-01-31T16:15:47+00:00","dateModified":"2024-05-28T17:44:34+00:00","breadcrumb":{"@id":"https:\/\/gangel.hu\/en\/contact\/#breadcrumb"},"inLanguage":"en-US","potentialAction":[{"@type":"ReadAction","target":["https:\/\/gangel.hu\/en\/contact\/"]}]},{"@type":"BreadcrumbList","@id":"https:\/\/gangel.hu\/en\/contact\/#breadcrumb","itemListElement":[{"@type":"ListItem","position":1,"name":"Kezd\u0151lap","item":"https:\/\/gangel.hu\/en\/home\/"},{"@type":"ListItem","position":2,"name":"Contact"}]},{"@type":"WebSite","@id":"https:\/\/gangel.hu\/#website","url":"https:\/\/gangel.hu\/","name":"Gangel F\u00e9rfiszab\u00f3s\u00e1g","description":"","publisher":{"@id":"https:\/\/gangel.hu\/#organization"},"potentialAction":[{"@type":"SearchAction","target":{"@type":"EntryPoint","urlTemplate":"https:\/\/gangel.hu\/?s={search_term_string}"},"query-input":{"@type":"PropertyValueSpecification","valueRequired":true,"valueName":"search_term_string"}}],"inLanguage":"en-US"},{"@type":"Organization","@id":"https:\/\/gangel.hu\/#organization","name":"Gangel F\u00e9rfiszab\u00f3s\u00e1g","url":"https:\/\/gangel.hu\/","logo":{"@type":"ImageObject","inLanguage":"en-US","@id":"https:\/\/gangel.hu\/#\/schema\/logo\/image\/","url":"https:\/\/gangel.hu\/wp-content\/uploads\/gangel_logo-1.png","contentUrl":"https:\/\/gangel.hu\/wp-content\/uploads\/gangel_logo-1.png","width":342,"height":121,"caption":"Gangel F\u00e9rfiszab\u00f3s\u00e1g"},"image":{"@id":"https:\/\/gangel.hu\/#\/schema\/logo\/image\/"},"sameAs":["https:\/\/www.facebook.com\/gangelszabosag\/","https:\/\/www.instagram.com\/gangelszabosag\/?hl=hu"]}]}},"_links":{"self":[{"href":"https:\/\/gangel.hu\/en\/wp-json\/wp\/v2\/pages\/1894","targetHints":{"allow":["GET"]}}],"collection":[{"href":"https:\/\/gangel.hu\/en\/wp-json\/wp\/v2\/pages"}],"about":[{"href":"https:\/\/gangel.hu\/en\/wp-json\/wp\/v2\/types\/page"}],"author":[{"embeddable":true,"href":"https:\/\/gangel.hu\/en\/wp-json\/wp\/v2\/users\/1"}],"replies":[{"embeddable":true,"href":"https:\/\/gangel.hu\/en\/wp-json\/wp\/v2\/comments?post=1894"}],"version-history":[{"count":7,"href":"https:\/\/gangel.hu\/en\/wp-json\/wp\/v2\/pages\/1894\/revisions"}],"predecessor-version":[{"id":2721,"href":"https:\/\/gangel.hu\/en\/wp-json\/wp\/v2\/pages\/1894\/revisions\/2721"}],"wp:attachment":[{"href":"https:\/\/gangel.hu\/en\/wp-json\/wp\/v2\/media?parent=1894"}],"curies":[{"name":"wp","href":"https:\/\/api.w.org\/{rel}","templated":true}]}}