{"id":1891,"date":"2021-01-31T17:15:06","date_gmt":"2021-01-31T17:15:06","guid":{"rendered":"https:\/\/gangel.hu\/gallery\/"},"modified":"2022-08-27T06:39:30","modified_gmt":"2022-08-27T06:39:30","slug":"gallery","status":"publish","type":"page","link":"https:\/\/gangel.hu\/en\/gallery\/","title":{"rendered":"Gallery"},"content":{"rendered":"\n<style type=\"text\/css\" data-created_by=\"avia_inline_auto\" id=\"style-css-av-l6930pyd-24fa772bc798677493d30f80edafc492\">\n.avia-section.av-l6930pyd-24fa772bc798677493d30f80edafc492{\nbackground-repeat:no-repeat;\nbackground-image:url(https:\/\/gangel.hu\/wp-content\/uploads\/DSC04767.jpg);\nbackground-position:50% 50%;\nbackground-attachment:scroll;\n}\n<\/style>\n<div id='av_section_1'  class='avia-section av-l6930pyd-24fa772bc798677493d30f80edafc492 main_color avia-section-default avia-no-border-styling  avia-builder-el-0  el_before_av_section  avia-builder-el-first  avia-bg-style-scroll av-minimum-height av-minimum-height-50 av-height-50  container_wrap fullsize'  data-section-bg-repeat='no-repeat' data-av_minimum_height_pc='50' data-av_min_height_opt='50'><div class='container av-section-cont-open' ><main  role=\"main\" itemprop=\"mainContentOfPage\"  class='template-page content  av-content-full alpha units'><div class='post-entry post-entry-type-page post-entry-1891'><div class='entry-content-wrapper clearfix'>\n\n<style type=\"text\/css\" data-created_by=\"avia_inline_auto\" id=\"style-css-av-l6932jmg-fd0cfb033f4f46c78801d257cdfa5a75\">\n#top .av_textblock_section.av-l6932jmg-fd0cfb033f4f46c78801d257cdfa5a75 .avia_textblock{\ncolor:#ffffff;\n}\n<\/style>\n<section  class='av_textblock_section av-l6932jmg-fd0cfb033f4f46c78801d257cdfa5a75 '   itemscope=\"itemscope\" itemtype=\"https:\/\/schema.org\/CreativeWork\" ><div class='avia_textblock av_inherit_color'  itemprop=\"text\" ><h3 style=\"text-align: center;\"><strong>Gallery<\/strong><\/h3>\n<\/div><\/section>\n\n<style type=\"text\/css\" data-created_by=\"avia_inline_auto\" id=\"style-css-av-kkqzs5qa-524a255562b73855336395c292482753\">\n#top .av_textblock_section.av-kkqzs5qa-524a255562b73855336395c292482753 .avia_textblock{\ncolor:#ffffff;\n}\n<\/style>\n<section  class='av_textblock_section av-kkqzs5qa-524a255562b73855336395c292482753 '   itemscope=\"itemscope\" itemtype=\"https:\/\/schema.org\/CreativeWork\" ><div class='avia_textblock av_inherit_color'  itemprop=\"text\" ><p style=\"text-align: center;\">My tailor shops founded in 1999. We have a shop in Budapest and in P\u00e9cs, where we strive to satisfy our customers\u2019 needs with quality service.<\/p>\n<\/div><\/section>\n<\/div><\/div><\/main><!-- close content main element --><\/div><\/div><div id='av_section_2'  class='avia-section av-9o8km-20cf887a9ce91bc4ab9a54f5e70de850 main_color avia-section-default avia-no-border-styling  avia-builder-el-3  el_after_av_section  avia-builder-el-last  avia-bg-style-scroll container_wrap fullsize'  ><div class='container av-section-cont-open' ><div class='template-page content  av-content-full alpha units'><div class='post-entry post-entry-type-page post-entry-1891'><div class='entry-content-wrapper clearfix'>\n<div id='av-masonry-1' class='av-masonry av-kktpzx6h-a3cd4446ab119bd923b2e59af8035d3b noHover av-fixed-size av-large-gap av-hover-overlay-active av-masonry-animation-active av-masonry-col-3 av-caption-on-hover av-caption-style-overlay av-masonry-entries av-orientation-portrait ' data-post_id=\"1891\"><div class=\"av-masonry-container isotope av-js-disabled\"><div class='av-masonry-entry isotope-item av-masonry-item-no-image '><\/div><a href=\"https:\/\/gangel.hu\/en\/portfolio-item\/who-chose-us\/\"  id='av-masonry-1-item-1974' data-av-masonry-item='1974' class='av-masonry-entry isotope-item post-1974 portfolio type-portfolio status-publish has-post-thumbnail hentry portfolio_entries-gallery  av-masonry-item-with-image' title=\"Gangel_Akik_minket_valasztottal_57\"   itemscope=\"itemscope\" itemtype=\"https:\/\/schema.org\/CreativeWork\" ><div class='av-inner-masonry-sizer'><\/div><figure class='av-inner-masonry main_color'><div class=\"av-masonry-outerimage-container\"><div class='av-masonry-image-container' style=\"background-image: url(https:\/\/gangel.hu\/wp-content\/uploads\/Gangel_Akik_minket_valasztottal_57-705x471.jpg);\"  title=\"Gangel_Akik_minket_valasztottal_57\" ><\/div><\/div><figcaption class='av-inner-masonry-content site-background'><div class='av-inner-masonry-content-pos'><div class='av-inner-masonry-content-pos-content'><div class='avia-arrow'><\/div><h3 class='av-masonry-entry-title entry-title '  itemprop=\"headline\" >Who chose us<\/h3><\/div><\/div><\/figcaption><\/figure><\/a><!--end av-masonry entry--><a href=\"https:\/\/gangel.hu\/en\/portfolio-item\/wedding\/\"  id='av-masonry-1-item-1980' data-av-masonry-item='1980' class='av-masonry-entry isotope-item post-1980 portfolio type-portfolio status-publish has-post-thumbnail hentry portfolio_entries-gallery  av-masonry-item-with-image' title=\"Gangel_akikminketvalasztottak_25\"   itemscope=\"itemscope\" itemtype=\"https:\/\/schema.org\/CreativeWork\" ><div class='av-inner-masonry-sizer'><\/div><figure class='av-inner-masonry main_color'><div class=\"av-masonry-outerimage-container\"><div class='av-masonry-image-container' style=\"background-image: url(https:\/\/gangel.hu\/wp-content\/uploads\/Gangel_akikminketvalasztottak_25-705x471.jpg);\"  title=\"Gangel_akikminketvalasztottak_25\" ><\/div><\/div><figcaption class='av-inner-masonry-content site-background'><div class='av-inner-masonry-content-pos'><div class='av-inner-masonry-content-pos-content'><div class='avia-arrow'><\/div><h3 class='av-masonry-entry-title entry-title '  itemprop=\"headline\" >Wedding<\/h3><\/div><\/div><\/figcaption><\/figure><\/a><!--end av-masonry entry--><a href=\"https:\/\/gangel.hu\/en\/portfolio-item\/tailoring\/\"  id='av-masonry-1-item-1979' data-av-masonry-item='1979' class='av-masonry-entry isotope-item post-1979 portfolio type-portfolio status-publish has-post-thumbnail hentry portfolio_entries-gallery  av-masonry-item-with-image' title=\"Gangel_Szabosag_15\"   itemscope=\"itemscope\" itemtype=\"https:\/\/schema.org\/CreativeWork\" ><div class='av-inner-masonry-sizer'><\/div><figure class='av-inner-masonry main_color'><div class=\"av-masonry-outerimage-container\"><div class='av-masonry-image-container' style=\"background-image: url(https:\/\/gangel.hu\/wp-content\/uploads\/Gangel_Szabosag_15-470x705.jpg);\"  title=\"Gangel_Szabosag_15\" ><\/div><\/div><figcaption class='av-inner-masonry-content site-background'><div class='av-inner-masonry-content-pos'><div class='av-inner-masonry-content-pos-content'><div class='avia-arrow'><\/div><h3 class='av-masonry-entry-title entry-title '  itemprop=\"headline\" >Tailoring<\/h3><\/div><\/div><\/figcaption><\/figure><\/a><!--end av-masonry entry--><a href=\"https:\/\/gangel.hu\/en\/portfolio-item\/suits\/\"  id='av-masonry-1-item-1978' data-av-masonry-item='1978' class='av-masonry-entry isotope-item post-1978 portfolio type-portfolio status-publish has-post-thumbnail hentry portfolio_entries-gallery  av-masonry-item-with-image' title=\"oltonyok\"   itemscope=\"itemscope\" itemtype=\"https:\/\/schema.org\/CreativeWork\" ><div class='av-inner-masonry-sizer'><\/div><figure class='av-inner-masonry main_color'><div class=\"av-masonry-outerimage-container\"><div class='av-masonry-image-container' style=\"background-image: url(https:\/\/gangel.hu\/wp-content\/uploads\/oltonyok-470x705.jpg);\"  title=\"oltonyok\" ><\/div><\/div><figcaption class='av-inner-masonry-content site-background'><div class='av-inner-masonry-content-pos'><div class='av-inner-masonry-content-pos-content'><div class='avia-arrow'><\/div><h3 class='av-masonry-entry-title entry-title '  itemprop=\"headline\" >Suits<\/h3><\/div><\/div><\/figcaption><\/figure><\/a><!--end av-masonry entry--><a href=\"https:\/\/gangel.hu\/en\/portfolio-item\/spring-summer\/\"  id='av-masonry-1-item-2980' data-av-masonry-item='2980' class='av-masonry-entry isotope-item post-2980 portfolio type-portfolio status-publish has-post-thumbnail hentry portfolio_entries-gallery  av-masonry-item-with-image' title=\"GB00740 (1)\"   itemscope=\"itemscope\" itemtype=\"https:\/\/schema.org\/CreativeWork\" ><div class='av-inner-masonry-sizer'><\/div><figure class='av-inner-masonry main_color'><div class=\"av-masonry-outerimage-container\"><div class='av-masonry-image-container' style=\"background-image: url(https:\/\/gangel.hu\/wp-content\/uploads\/GB00740-1-470x705.jpg);\"  title=\"GB00740 (1)\" ><\/div><\/div><figcaption class='av-inner-masonry-content site-background'><div class='av-inner-masonry-content-pos'><div class='av-inner-masonry-content-pos-content'><div class='avia-arrow'><\/div><h3 class='av-masonry-entry-title entry-title '  itemprop=\"headline\" >Spring-Summer<\/h3><\/div><\/div><\/figcaption><\/figure><\/a><!--end av-masonry entry--><a href=\"https:\/\/gangel.hu\/en\/portfolio-item\/shirts-2\/\"  id='av-masonry-1-item-1975' data-av-masonry-item='1975' class='av-masonry-entry isotope-item post-1975 portfolio type-portfolio status-publish has-post-thumbnail hentry portfolio_entries-gallery  av-masonry-item-with-image' title=\"Gangel_Ingek_6\"   itemscope=\"itemscope\" itemtype=\"https:\/\/schema.org\/CreativeWork\" ><div class='av-inner-masonry-sizer'><\/div><figure class='av-inner-masonry main_color'><div class=\"av-masonry-outerimage-container\"><div class='av-masonry-image-container' style=\"background-image: url(https:\/\/gangel.hu\/wp-content\/uploads\/Gangel_Ingek_6-470x705.jpg);\"  title=\"Gangel_Ingek_6\" ><\/div><\/div><figcaption class='av-inner-masonry-content site-background'><div class='av-inner-masonry-content-pos'><div class='av-inner-masonry-content-pos-content'><div class='avia-arrow'><\/div><h3 class='av-masonry-entry-title entry-title '  itemprop=\"headline\" >Shirts<\/h3><\/div><\/div><\/figcaption><\/figure><\/a><!--end av-masonry entry--><a href=\"https:\/\/gangel.hu\/en\/portfolio-item\/coats-2\/\"  id='av-masonry-1-item-1977' data-av-masonry-item='1977' class='av-masonry-entry isotope-item post-1977 portfolio type-portfolio status-publish has-post-thumbnail hentry portfolio_entries-gallery  av-masonry-item-with-image' title=\"Gangel_Kabatok_3\"   itemscope=\"itemscope\" itemtype=\"https:\/\/schema.org\/CreativeWork\" ><div class='av-inner-masonry-sizer'><\/div><figure class='av-inner-masonry main_color'><div class=\"av-masonry-outerimage-container\"><div class='av-masonry-image-container' style=\"background-image: url(https:\/\/gangel.hu\/wp-content\/uploads\/Gangel_Kabatok_3-470x705.jpg);\"  title=\"Gangel_Kabatok_3\" ><\/div><\/div><figcaption class='av-inner-masonry-content site-background'><div class='av-inner-masonry-content-pos'><div class='av-inner-masonry-content-pos-content'><div class='avia-arrow'><\/div><h3 class='av-masonry-entry-title entry-title '  itemprop=\"headline\" >Coats<\/h3><\/div><\/div><\/figcaption><\/figure><\/a><!--end av-masonry entry--><a href=\"https:\/\/gangel.hu\/en\/portfolio-item\/autumn-winter\/\"  id='av-masonry-1-item-1976' data-av-masonry-item='1976' class='av-masonry-entry isotope-item post-1976 portfolio type-portfolio status-publish has-post-thumbnail hentry portfolio_entries-gallery  av-masonry-item-with-image' title=\"Gangel_Osz_Tel_28\"   itemscope=\"itemscope\" itemtype=\"https:\/\/schema.org\/CreativeWork\" ><div class='av-inner-masonry-sizer'><\/div><figure class='av-inner-masonry main_color'><div class=\"av-masonry-outerimage-container\"><div class='av-masonry-image-container' style=\"background-image: url(https:\/\/gangel.hu\/wp-content\/uploads\/Gangel_Osz_Tel_28-470x705.jpg);\"  title=\"Gangel_Osz_Tel_28\" ><\/div><\/div><figcaption class='av-inner-masonry-content site-background'><div class='av-inner-masonry-content-pos'><div class='av-inner-masonry-content-pos-content'><div class='avia-arrow'><\/div><h3 class='av-masonry-entry-title entry-title '  itemprop=\"headline\" >Autumn-Winter<\/h3><\/div><\/div><\/figcaption><\/figure><\/a><!--end av-masonry entry--><\/div><\/div>\n<\/p>\n","protected":false},"excerpt":{"rendered":"","protected":false},"author":1,"featured_media":0,"parent":0,"menu_order":0,"comment_status":"closed","ping_status":"closed","template":"","meta":{"inline_featured_image":false,"footnotes":""},"class_list":["post-1891","page","type-page","status-publish","hentry"],"yoast_head":"<!-- This site is optimized with the Yoast SEO Premium plugin v25.6 (Yoast SEO v25.7) - https:\/\/yoast.com\/wordpress\/plugins\/seo\/ -->\n<title>Gallery - Gangel F\u00e9rfiszab\u00f3s\u00e1g<\/title>\n<meta name=\"robots\" content=\"index, follow, max-snippet:-1, max-image-preview:large, max-video-preview:-1\" \/>\n<link rel=\"canonical\" href=\"https:\/\/gangel.hu\/en\/gallery\/\" \/>\n<meta property=\"og:locale\" content=\"en_US\" \/>\n<meta property=\"og:type\" content=\"article\" \/>\n<meta property=\"og:title\" content=\"Gallery\" \/>\n<meta property=\"og:url\" content=\"https:\/\/gangel.hu\/en\/gallery\/\" \/>\n<meta property=\"og:site_name\" content=\"Gangel F\u00e9rfiszab\u00f3s\u00e1g\" \/>\n<meta property=\"article:publisher\" content=\"https:\/\/www.facebook.com\/gangelszabosag\/\" \/>\n<meta property=\"article:modified_time\" content=\"2022-08-27T06:39:30+00:00\" \/>\n<meta name=\"twitter:card\" content=\"summary_large_image\" \/>\n<meta name=\"twitter:label1\" content=\"Est. reading time\" \/>\n\t<meta name=\"twitter:data1\" content=\"1 minute\" \/>\n<script type=\"application\/ld+json\" class=\"yoast-schema-graph\">{\"@context\":\"https:\/\/schema.org\",\"@graph\":[{\"@type\":\"WebPage\",\"@id\":\"https:\/\/gangel.hu\/en\/gallery\/\",\"url\":\"https:\/\/gangel.hu\/en\/gallery\/\",\"name\":\"Gallery - Gangel F\u00e9rfiszab\u00f3s\u00e1g\",\"isPartOf\":{\"@id\":\"https:\/\/gangel.hu\/#website\"},\"datePublished\":\"2021-01-31T17:15:06+00:00\",\"dateModified\":\"2022-08-27T06:39:30+00:00\",\"breadcrumb\":{\"@id\":\"https:\/\/gangel.hu\/en\/gallery\/#breadcrumb\"},\"inLanguage\":\"en-US\",\"potentialAction\":[{\"@type\":\"ReadAction\",\"target\":[\"https:\/\/gangel.hu\/en\/gallery\/\"]}]},{\"@type\":\"BreadcrumbList\",\"@id\":\"https:\/\/gangel.hu\/en\/gallery\/#breadcrumb\",\"itemListElement\":[{\"@type\":\"ListItem\",\"position\":1,\"name\":\"Kezd\u0151lap\",\"item\":\"https:\/\/gangel.hu\/en\/home\/\"},{\"@type\":\"ListItem\",\"position\":2,\"name\":\"Gallery\"}]},{\"@type\":\"WebSite\",\"@id\":\"https:\/\/gangel.hu\/#website\",\"url\":\"https:\/\/gangel.hu\/\",\"name\":\"Gangel F\u00e9rfiszab\u00f3s\u00e1g\",\"description\":\"\",\"publisher\":{\"@id\":\"https:\/\/gangel.hu\/#organization\"},\"potentialAction\":[{\"@type\":\"SearchAction\",\"target\":{\"@type\":\"EntryPoint\",\"urlTemplate\":\"https:\/\/gangel.hu\/?s={search_term_string}\"},\"query-input\":{\"@type\":\"PropertyValueSpecification\",\"valueRequired\":true,\"valueName\":\"search_term_string\"}}],\"inLanguage\":\"en-US\"},{\"@type\":\"Organization\",\"@id\":\"https:\/\/gangel.hu\/#organization\",\"name\":\"Gangel F\u00e9rfiszab\u00f3s\u00e1g\",\"url\":\"https:\/\/gangel.hu\/\",\"logo\":{\"@type\":\"ImageObject\",\"inLanguage\":\"en-US\",\"@id\":\"https:\/\/gangel.hu\/#\/schema\/logo\/image\/\",\"url\":\"https:\/\/gangel.hu\/wp-content\/uploads\/gangel_logo-1.png\",\"contentUrl\":\"https:\/\/gangel.hu\/wp-content\/uploads\/gangel_logo-1.png\",\"width\":342,\"height\":121,\"caption\":\"Gangel F\u00e9rfiszab\u00f3s\u00e1g\"},\"image\":{\"@id\":\"https:\/\/gangel.hu\/#\/schema\/logo\/image\/\"},\"sameAs\":[\"https:\/\/www.facebook.com\/gangelszabosag\/\",\"https:\/\/www.instagram.com\/gangelszabosag\/?hl=hu\"]}]}<\/script>\n<!-- \/ Yoast SEO Premium plugin. -->","yoast_head_json":{"title":"Gallery - Gangel F\u00e9rfiszab\u00f3s\u00e1g","robots":{"index":"index","follow":"follow","max-snippet":"max-snippet:-1","max-image-preview":"max-image-preview:large","max-video-preview":"max-video-preview:-1"},"canonical":"https:\/\/gangel.hu\/en\/gallery\/","og_locale":"en_US","og_type":"article","og_title":"Gallery","og_url":"https:\/\/gangel.hu\/en\/gallery\/","og_site_name":"Gangel F\u00e9rfiszab\u00f3s\u00e1g","article_publisher":"https:\/\/www.facebook.com\/gangelszabosag\/","article_modified_time":"2022-08-27T06:39:30+00:00","twitter_card":"summary_large_image","twitter_misc":{"Est. reading time":"1 minute"},"schema":{"@context":"https:\/\/schema.org","@graph":[{"@type":"WebPage","@id":"https:\/\/gangel.hu\/en\/gallery\/","url":"https:\/\/gangel.hu\/en\/gallery\/","name":"Gallery - Gangel F\u00e9rfiszab\u00f3s\u00e1g","isPartOf":{"@id":"https:\/\/gangel.hu\/#website"},"datePublished":"2021-01-31T17:15:06+00:00","dateModified":"2022-08-27T06:39:30+00:00","breadcrumb":{"@id":"https:\/\/gangel.hu\/en\/gallery\/#breadcrumb"},"inLanguage":"en-US","potentialAction":[{"@type":"ReadAction","target":["https:\/\/gangel.hu\/en\/gallery\/"]}]},{"@type":"BreadcrumbList","@id":"https:\/\/gangel.hu\/en\/gallery\/#breadcrumb","itemListElement":[{"@type":"ListItem","position":1,"name":"Kezd\u0151lap","item":"https:\/\/gangel.hu\/en\/home\/"},{"@type":"ListItem","position":2,"name":"Gallery"}]},{"@type":"WebSite","@id":"https:\/\/gangel.hu\/#website","url":"https:\/\/gangel.hu\/","name":"Gangel F\u00e9rfiszab\u00f3s\u00e1g","description":"","publisher":{"@id":"https:\/\/gangel.hu\/#organization"},"potentialAction":[{"@type":"SearchAction","target":{"@type":"EntryPoint","urlTemplate":"https:\/\/gangel.hu\/?s={search_term_string}"},"query-input":{"@type":"PropertyValueSpecification","valueRequired":true,"valueName":"search_term_string"}}],"inLanguage":"en-US"},{"@type":"Organization","@id":"https:\/\/gangel.hu\/#organization","name":"Gangel F\u00e9rfiszab\u00f3s\u00e1g","url":"https:\/\/gangel.hu\/","logo":{"@type":"ImageObject","inLanguage":"en-US","@id":"https:\/\/gangel.hu\/#\/schema\/logo\/image\/","url":"https:\/\/gangel.hu\/wp-content\/uploads\/gangel_logo-1.png","contentUrl":"https:\/\/gangel.hu\/wp-content\/uploads\/gangel_logo-1.png","width":342,"height":121,"caption":"Gangel F\u00e9rfiszab\u00f3s\u00e1g"},"image":{"@id":"https:\/\/gangel.hu\/#\/schema\/logo\/image\/"},"sameAs":["https:\/\/www.facebook.com\/gangelszabosag\/","https:\/\/www.instagram.com\/gangelszabosag\/?hl=hu"]}]}},"_links":{"self":[{"href":"https:\/\/gangel.hu\/en\/wp-json\/wp\/v2\/pages\/1891","targetHints":{"allow":["GET"]}}],"collection":[{"href":"https:\/\/gangel.hu\/en\/wp-json\/wp\/v2\/pages"}],"about":[{"href":"https:\/\/gangel.hu\/en\/wp-json\/wp\/v2\/types\/page"}],"author":[{"embeddable":true,"href":"https:\/\/gangel.hu\/en\/wp-json\/wp\/v2\/users\/1"}],"replies":[{"embeddable":true,"href":"https:\/\/gangel.hu\/en\/wp-json\/wp\/v2\/comments?post=1891"}],"version-history":[{"count":6,"href":"https:\/\/gangel.hu\/en\/wp-json\/wp\/v2\/pages\/1891\/revisions"}],"predecessor-version":[{"id":2515,"href":"https:\/\/gangel.hu\/en\/wp-json\/wp\/v2\/pages\/1891\/revisions\/2515"}],"wp:attachment":[{"href":"https:\/\/gangel.hu\/en\/wp-json\/wp\/v2\/media?parent=1891"}],"curies":[{"name":"wp","href":"https:\/\/api.w.org\/{rel}","templated":true}]}}